{"id":1427,"date":"2023-12-05T23:35:49","date_gmt":"2023-12-05T23:35:49","guid":{"rendered":"https:\/\/cirujanosesteticos.org\/?post_type=product&#038;p=1427"},"modified":"2024-02-22T23:18:02","modified_gmt":"2024-02-22T23:18:02","slug":"miembro-inscrito","status":"publish","type":"product","link":"https:\/\/cirujanosesteticos.org\/en\/product\/miembro-inscrito\/","title":{"rendered":"Miembro Inscrito"},"content":{"rendered":"","protected":false},"excerpt":{"rendered":"<ul>\n<li>Exclusive access to bibliographic resources (Books and articles).<\/li>\n<li>Specific informed consents for cosmetic surgery.<\/li>\n<li>Academic sessions (Update).<\/li>\n<li>Exclusive discounts at laboratories related to aesthetics.<\/li>\n<\/ul>","protected":false},"featured_media":1431,"template":"","meta":[],"product_brand":[],"product_cat":[88],"product_tag":[89,90],"class_list":{"0":"post-1427","1":"product","2":"type-product","3":"status-publish","4":"has-post-thumbnail","6":"product_cat-miembros","7":"product_tag-afiliados","8":"product_tag-miembros","10":"first","11":"instock","12":"virtual","13":"purchasable","14":"product-type-simple"},"yoast_head":"<!-- This site is optimized with the Yoast SEO plugin v27.6 - https:\/\/yoast.com\/product\/yoast-seo-wordpress\/ -->\n<title>Miembro Inscrito - COMCCE, Consejo Mexicano Certificador de Cirug\u00eda Est\u00e9tica<\/title>\n<meta name=\"robots\" content=\"index, follow, max-snippet:-1, max-image-preview:large, max-video-preview:-1\" \/>\n<link rel=\"canonical\" href=\"https:\/\/cirujanosesteticos.org\/en\/product\/miembro-inscrito\/\" \/>\n<meta property=\"og:locale\" content=\"en_US\" \/>\n<meta property=\"og:type\" content=\"article\" \/>\n<meta property=\"og:title\" content=\"Miembro Inscrito - COMCCE, Consejo Mexicano Certificador de Cirug\u00eda Est\u00e9tica\" \/>\n<meta property=\"og:description\" content=\"Acceso exclusivo a recursos bibliogr\u00e1ficos (Libros y art\u00edculos).  Consentimientos informados espec\u00edficos para cirug\u00eda est\u00e9tica.  Sesiones acad\u00e9micas (Actualizaci\u00f3n).  Descuentos exclusivos en laboratorios relacionados a est\u00e9tica.\" \/>\n<meta property=\"og:url\" content=\"https:\/\/cirujanosesteticos.org\/en\/product\/miembro-inscrito\/\" \/>\n<meta property=\"og:site_name\" content=\"COMCCE, Consejo Mexicano Certificador de Cirug\u00eda Est\u00e9tica\" \/>\n<meta property=\"article:modified_time\" content=\"2024-02-22T23:18:02+00:00\" \/>\n<meta property=\"og:image\" content=\"http:\/\/cirujanosesteticos.org\/wp-content\/uploads\/2023\/12\/2851398.png\" \/>\n\t<meta property=\"og:image:width\" content=\"512\" \/>\n\t<meta property=\"og:image:height\" content=\"512\" \/>\n\t<meta property=\"og:image:type\" content=\"image\/png\" \/>\n<meta name=\"twitter:card\" content=\"summary_large_image\" \/>\n<script type=\"application\/ld+json\" class=\"yoast-schema-graph\">{\"@context\":\"https:\\\/\\\/schema.org\",\"@graph\":[{\"@type\":\"WebPage\",\"@id\":\"https:\\\/\\\/cirujanosesteticos.org\\\/producto\\\/miembro-inscrito\\\/\",\"url\":\"https:\\\/\\\/cirujanosesteticos.org\\\/producto\\\/miembro-inscrito\\\/\",\"name\":\"Miembro Inscrito - COMCCE, Consejo Mexicano Certificador de Cirug\u00eda Est\u00e9tica\",\"isPartOf\":{\"@id\":\"https:\\\/\\\/cirujanosesteticos.org\\\/#website\"},\"primaryImageOfPage\":{\"@id\":\"https:\\\/\\\/cirujanosesteticos.org\\\/producto\\\/miembro-inscrito\\\/#primaryimage\"},\"image\":{\"@id\":\"https:\\\/\\\/cirujanosesteticos.org\\\/producto\\\/miembro-inscrito\\\/#primaryimage\"},\"thumbnailUrl\":\"https:\\\/\\\/cirujanosesteticos.org\\\/wp-content\\\/uploads\\\/2023\\\/12\\\/2851398.png\",\"datePublished\":\"2023-12-05T23:35:49+00:00\",\"dateModified\":\"2024-02-22T23:18:02+00:00\",\"breadcrumb\":{\"@id\":\"https:\\\/\\\/cirujanosesteticos.org\\\/producto\\\/miembro-inscrito\\\/#breadcrumb\"},\"inLanguage\":\"en-US\",\"potentialAction\":[{\"@type\":\"ReadAction\",\"target\":[\"https:\\\/\\\/cirujanosesteticos.org\\\/producto\\\/miembro-inscrito\\\/\"]}]},{\"@type\":\"ImageObject\",\"inLanguage\":\"en-US\",\"@id\":\"https:\\\/\\\/cirujanosesteticos.org\\\/producto\\\/miembro-inscrito\\\/#primaryimage\",\"url\":\"https:\\\/\\\/cirujanosesteticos.org\\\/wp-content\\\/uploads\\\/2023\\\/12\\\/2851398.png\",\"contentUrl\":\"https:\\\/\\\/cirujanosesteticos.org\\\/wp-content\\\/uploads\\\/2023\\\/12\\\/2851398.png\",\"width\":512,\"height\":512},{\"@type\":\"BreadcrumbList\",\"@id\":\"https:\\\/\\\/cirujanosesteticos.org\\\/producto\\\/miembro-inscrito\\\/#breadcrumb\",\"itemListElement\":[{\"@type\":\"ListItem\",\"position\":1,\"name\":\"Portada\",\"item\":\"https:\\\/\\\/cirujanosesteticos.org\\\/\"},{\"@type\":\"ListItem\",\"position\":2,\"name\":\"Tienda\",\"item\":\"https:\\\/\\\/cirujanosesteticos.org\\\/tienda\\\/\"},{\"@type\":\"ListItem\",\"position\":3,\"name\":\"Miembro Inscrito\"}]},{\"@type\":\"WebSite\",\"@id\":\"https:\\\/\\\/cirujanosesteticos.org\\\/#website\",\"url\":\"https:\\\/\\\/cirujanosesteticos.org\\\/\",\"name\":\"COMCCE, Consejo Mexicano Certificador de Cirug\u00eda Est\u00e9tica\",\"description\":\"Cirujano estetico Tijuana, Cirugia Estetica Tijuana, tijuana cosmetic surgery, tijuana plastic surgery\",\"potentialAction\":[{\"@type\":\"SearchAction\",\"target\":{\"@type\":\"EntryPoint\",\"urlTemplate\":\"https:\\\/\\\/cirujanosesteticos.org\\\/?s={search_term_string}\"},\"query-input\":{\"@type\":\"PropertyValueSpecification\",\"valueRequired\":true,\"valueName\":\"search_term_string\"}}],\"inLanguage\":\"en-US\"}]}<\/script>\n<!-- \/ Yoast SEO plugin. -->","yoast_head_json":{"title":"Miembro Inscrito - COMCCE, Consejo Mexicano Certificador de Cirug\u00eda Est\u00e9tica","robots":{"index":"index","follow":"follow","max-snippet":"max-snippet:-1","max-image-preview":"max-image-preview:large","max-video-preview":"max-video-preview:-1"},"canonical":"https:\/\/cirujanosesteticos.org\/en\/product\/miembro-inscrito\/","og_locale":"en_US","og_type":"article","og_title":"Miembro Inscrito - COMCCE, Consejo Mexicano Certificador de Cirug\u00eda Est\u00e9tica","og_description":"Acceso exclusivo a recursos bibliogr\u00e1ficos (Libros y art\u00edculos).  Consentimientos informados espec\u00edficos para cirug\u00eda est\u00e9tica.  Sesiones acad\u00e9micas (Actualizaci\u00f3n).  Descuentos exclusivos en laboratorios relacionados a est\u00e9tica.","og_url":"https:\/\/cirujanosesteticos.org\/en\/product\/miembro-inscrito\/","og_site_name":"COMCCE, Consejo Mexicano Certificador de Cirug\u00eda Est\u00e9tica","article_modified_time":"2024-02-22T23:18:02+00:00","og_image":[{"width":512,"height":512,"url":"http:\/\/cirujanosesteticos.org\/wp-content\/uploads\/2023\/12\/2851398.png","type":"image\/png"}],"twitter_card":"summary_large_image","schema":{"@context":"https:\/\/schema.org","@graph":[{"@type":"WebPage","@id":"https:\/\/cirujanosesteticos.org\/producto\/miembro-inscrito\/","url":"https:\/\/cirujanosesteticos.org\/producto\/miembro-inscrito\/","name":"Miembro Inscrito - COMCCE, Consejo Mexicano Certificador de Cirug\u00eda Est\u00e9tica","isPartOf":{"@id":"https:\/\/cirujanosesteticos.org\/#website"},"primaryImageOfPage":{"@id":"https:\/\/cirujanosesteticos.org\/producto\/miembro-inscrito\/#primaryimage"},"image":{"@id":"https:\/\/cirujanosesteticos.org\/producto\/miembro-inscrito\/#primaryimage"},"thumbnailUrl":"https:\/\/cirujanosesteticos.org\/wp-content\/uploads\/2023\/12\/2851398.png","datePublished":"2023-12-05T23:35:49+00:00","dateModified":"2024-02-22T23:18:02+00:00","breadcrumb":{"@id":"https:\/\/cirujanosesteticos.org\/producto\/miembro-inscrito\/#breadcrumb"},"inLanguage":"en-US","potentialAction":[{"@type":"ReadAction","target":["https:\/\/cirujanosesteticos.org\/producto\/miembro-inscrito\/"]}]},{"@type":"ImageObject","inLanguage":"en-US","@id":"https:\/\/cirujanosesteticos.org\/producto\/miembro-inscrito\/#primaryimage","url":"https:\/\/cirujanosesteticos.org\/wp-content\/uploads\/2023\/12\/2851398.png","contentUrl":"https:\/\/cirujanosesteticos.org\/wp-content\/uploads\/2023\/12\/2851398.png","width":512,"height":512},{"@type":"BreadcrumbList","@id":"https:\/\/cirujanosesteticos.org\/producto\/miembro-inscrito\/#breadcrumb","itemListElement":[{"@type":"ListItem","position":1,"name":"Portada","item":"https:\/\/cirujanosesteticos.org\/"},{"@type":"ListItem","position":2,"name":"Tienda","item":"https:\/\/cirujanosesteticos.org\/tienda\/"},{"@type":"ListItem","position":3,"name":"Miembro Inscrito"}]},{"@type":"WebSite","@id":"https:\/\/cirujanosesteticos.org\/#website","url":"https:\/\/cirujanosesteticos.org\/","name":"COMCCE, Consejo Mexicano Certificador de Cirug\u00eda Est\u00e9tica","description":"Cirujano estetico Tijuana, Cirugia Estetica Tijuana, tijuana cosmetic surgery, tijuana plastic surgery","potentialAction":[{"@type":"SearchAction","target":{"@type":"EntryPoint","urlTemplate":"https:\/\/cirujanosesteticos.org\/?s={search_term_string}"},"query-input":{"@type":"PropertyValueSpecification","valueRequired":true,"valueName":"search_term_string"}}],"inLanguage":"en-US"}]}},"_links":{"self":[{"href":"https:\/\/cirujanosesteticos.org\/en\/wp-json\/wp\/v2\/product\/1427","targetHints":{"allow":["GET"]}}],"collection":[{"href":"https:\/\/cirujanosesteticos.org\/en\/wp-json\/wp\/v2\/product"}],"about":[{"href":"https:\/\/cirujanosesteticos.org\/en\/wp-json\/wp\/v2\/types\/product"}],"wp:featuredmedia":[{"embeddable":true,"href":"https:\/\/cirujanosesteticos.org\/en\/wp-json\/wp\/v2\/media\/1431"}],"wp:attachment":[{"href":"https:\/\/cirujanosesteticos.org\/en\/wp-json\/wp\/v2\/media?parent=1427"}],"wp:term":[{"taxonomy":"product_brand","embeddable":true,"href":"https:\/\/cirujanosesteticos.org\/en\/wp-json\/wp\/v2\/product_brand?post=1427"},{"taxonomy":"product_cat","embeddable":true,"href":"https:\/\/cirujanosesteticos.org\/en\/wp-json\/wp\/v2\/product_cat?post=1427"},{"taxonomy":"product_tag","embeddable":true,"href":"https:\/\/cirujanosesteticos.org\/en\/wp-json\/wp\/v2\/product_tag?post=1427"}],"curies":[{"name":"wp","href":"https:\/\/api.w.org\/{rel}","templated":true}]}}