{"id":2162,"date":"2025-05-22T23:03:13","date_gmt":"2025-05-22T23:03:13","guid":{"rendered":"https:\/\/cirujanosesteticos.org\/?page_id=2162"},"modified":"2025-05-22T23:18:08","modified_gmt":"2025-05-22T23:18:08","slug":"dr-salathiel-acal","status":"publish","type":"page","link":"https:\/\/cirujanosesteticos.org\/en\/dr-salathiel-acal\/","title":{"rendered":"Dr. Salathiel Acal"},"content":{"rendered":"<div id=\"fws_6a09d43c7d8a2\"  data-column-margin=\"default\" data-midnight=\"dark\"  class=\"wpb_row vc_row-fluid vc_row\"  style=\"padding-top: 0px; padding-bottom: 0px; \"><div class=\"row-bg-wrap\" data-bg-animation=\"none\" data-bg-animation-delay=\"\" data-bg-overlay=\"false\"><div class=\"inner-wrap row-bg-layer\" ><div class=\"row-bg viewport-desktop\"  style=\"\"><\/div><\/div><\/div><div class=\"row_col_wrap_12 col span_12 dark left\">\n\t<div  class=\"vc_col-sm-6 wpb_column column_container vc_column_container col centered-text no-extra-padding inherit_tablet inherit_phone\"  data-padding-pos=\"all\" data-has-bg-color=\"false\" data-bg-color=\"\" data-bg-opacity=\"1\" data-animation=\"\" data-delay=\"0\" >\n\t\t<div class=\"vc_column-inner\" >\n\t\t\t<div class=\"wpb_wrapper\">\n\t\t\t\t<div class=\"img-with-aniamtion-wrap  custom-size\" data-max-width=\"100%\" data-max-width-mobile=\"default\" data-shadow=\"none\" data-animation=\"none\" >\n      <div class=\"inner\">\n        <div class=\"hover-wrap\"> \n          <div class=\"hover-wrap-inner\">\n            <img loading=\"lazy\" decoding=\"async\" class=\"img-with-animation skip-lazy\" data-delay=\"0\" height=\"300\" width=\"300\" data-animation=\"none\" src=\"https:\/\/cirujanosesteticos.org\/wp-content\/uploads\/2025\/05\/Dr.-Salathiel-Acal-300x300.jpg\" alt=\"\" srcset=\"https:\/\/cirujanosesteticos.org\/wp-content\/uploads\/2025\/05\/Dr.-Salathiel-Acal-300x300.jpg 300w, https:\/\/cirujanosesteticos.org\/wp-content\/uploads\/2025\/05\/Dr.-Salathiel-Acal-150x150.jpg 150w, https:\/\/cirujanosesteticos.org\/wp-content\/uploads\/2025\/05\/Dr.-Salathiel-Acal-140x140.jpg 140w, https:\/\/cirujanosesteticos.org\/wp-content\/uploads\/2025\/05\/Dr.-Salathiel-Acal-100x100.jpg 100w, https:\/\/cirujanosesteticos.org\/wp-content\/uploads\/2025\/05\/Dr.-Salathiel-Acal-350x350.jpg 350w, https:\/\/cirujanosesteticos.org\/wp-content\/uploads\/2025\/05\/Dr.-Salathiel-Acal.jpg 500w\" sizes=\"auto, (max-width: 300px) 100vw, 300px\" \/>\n          <\/div>\n        <\/div>\n        \n      <\/div>\n    <\/div>\n\t\t\t<\/div> \n\t\t<\/div>\n\t<\/div> \n\n\t<div  class=\"vc_col-sm-6 wpb_column column_container vc_column_container col no-extra-padding inherit_tablet inherit_phone\"  data-padding-pos=\"all\" data-has-bg-color=\"false\" data-bg-color=\"\" data-bg-opacity=\"1\" data-animation=\"\" data-delay=\"0\" >\n\t\t<div class=\"vc_column-inner\" >\n\t\t\t<div class=\"wpb_wrapper\">\n\t\t\t\t\n<div class=\"wpb_text_column wpb_content_element\" >\n\t<p><strong>Full Name: <\/strong>Dr. Salathiel Acal Mercado<br \/>\n<strong>Medical Surgeon's License: <\/strong>9068840<br \/>\n<strong>Master's Degree Certificate in Aesthetic Surgery: <\/strong>10002324<br \/>\n<strong>COFEPRIS Operating Notice: <\/strong>2509135036X00133<br \/>\n<strong>COFEPRIS Advertising Permit: <\/strong>2509132002A00054<br \/>\n<strong>Clinic: <\/strong>Bella Essenza<br \/>\n<strong>Email: <\/strong>bella.essenza58a@gmail.com<br \/>\n<strong>Phone: <\/strong>(55)72613478\u202c y (55)\u202d72613487\u202c<br \/>\n<strong>WhatsApp:<\/strong> \u202d(55)84852024<br \/>\n&#8211;<br \/>\nVerify their professional licenses at: <a href=\"https:\/\/www.cedulaprofesional.sep.gob.mx\/cedula\/presidencia\/indexAvanzada.action\">Direcci\u00f3n General de Profesiones<\/a>.<\/p>\n<\/div>\n\n\n\n<div id=\"fws_6a09d43c7ea48\" data-midnight=\"\" data-column-margin=\"default\" class=\"wpb_row vc_row-fluid vc_row inner_row\"  style=\"\"><div class=\"row-bg-wrap\"> <div class=\"row-bg\" ><\/div> <\/div><div class=\"row_col_wrap_12_inner col span_12  left\">\n\t<div  class=\"vc_col-sm-12 wpb_column column_container vc_column_container col child_column no-extra-padding inherit_tablet inherit_phone\"   data-padding-pos=\"all\" data-has-bg-color=\"false\" data-bg-color=\"\" data-bg-opacity=\"1\" data-animation=\"\" data-delay=\"0\" >\n\t\t<div class=\"vc_column-inner\" >\n\t\t<div class=\"wpb_wrapper\">\n\t\t\t<div class=\"divider-wrap\" data-alignment=\"default\"><div style=\"height: 30px;\" class=\"divider\"><\/div><\/div>\n\t\t<\/div> \n\t<\/div>\n\t<\/div> \n<\/div><\/div>\n\t\t\t<\/div> \n\t\t<\/div>\n\t<\/div> \n<\/div><\/div>","protected":false},"excerpt":{"rendered":"Nombre Completo: Dr. Salathiel Acal Mercado C\u00e9dula de M\u00e9dico Cirujano: 9068840 C\u00e9dula de Maestr\u00eda en Cirug\u00eda Est\u00e9tica: 10002324 Aviso de Funcionamiento COFEPRIS: 2509135036X00133 Permiso Publicidad COFEPRIS: 2509132002A00054 Cl\u00ednica: Bella Essenza...","protected":false},"author":1,"featured_media":0,"parent":0,"menu_order":0,"comment_status":"closed","ping_status":"closed","template":"","meta":{"footnotes":""},"class_list":["post-2162","page","type-page","status-publish"],"yoast_head":"<!-- This site is optimized with the Yoast SEO plugin v27.6 - https:\/\/yoast.com\/product\/yoast-seo-wordpress\/ -->\n<title>Dr. Salathiel Acal - COMCCE, Consejo Mexicano Certificador de Cirug\u00eda Est\u00e9tica<\/title>\n<meta name=\"robots\" content=\"index, follow, max-snippet:-1, max-image-preview:large, max-video-preview:-1\" \/>\n<link rel=\"canonical\" href=\"https:\/\/cirujanosesteticos.org\/en\/dr-salathiel-acal\/\" \/>\n<meta property=\"og:locale\" content=\"en_US\" \/>\n<meta property=\"og:type\" content=\"article\" \/>\n<meta property=\"og:title\" content=\"Dr. Salathiel Acal - COMCCE, Consejo Mexicano Certificador de Cirug\u00eda Est\u00e9tica\" \/>\n<meta property=\"og:url\" content=\"https:\/\/cirujanosesteticos.org\/en\/dr-salathiel-acal\/\" \/>\n<meta property=\"og:site_name\" content=\"COMCCE, Consejo Mexicano Certificador de Cirug\u00eda Est\u00e9tica\" \/>\n<meta property=\"article:modified_time\" content=\"2025-05-22T23:18:08+00:00\" \/>\n<meta name=\"twitter:card\" content=\"summary_large_image\" \/>\n<meta name=\"twitter:label1\" content=\"Est. reading time\" \/>\n\t<meta name=\"twitter:data1\" content=\"1 minute\" \/>\n<script type=\"application\/ld+json\" class=\"yoast-schema-graph\">{\"@context\":\"https:\\\/\\\/schema.org\",\"@graph\":[{\"@type\":\"WebPage\",\"@id\":\"https:\\\/\\\/cirujanosesteticos.org\\\/dr-salathiel-acal\\\/\",\"url\":\"https:\\\/\\\/cirujanosesteticos.org\\\/dr-salathiel-acal\\\/\",\"name\":\"Dr. Salathiel Acal - COMCCE, Consejo Mexicano Certificador de Cirug\u00eda Est\u00e9tica\",\"isPartOf\":{\"@id\":\"https:\\\/\\\/cirujanosesteticos.org\\\/#website\"},\"datePublished\":\"2025-05-22T23:03:13+00:00\",\"dateModified\":\"2025-05-22T23:18:08+00:00\",\"breadcrumb\":{\"@id\":\"https:\\\/\\\/cirujanosesteticos.org\\\/dr-salathiel-acal\\\/#breadcrumb\"},\"inLanguage\":\"en-US\",\"potentialAction\":[{\"@type\":\"ReadAction\",\"target\":[\"https:\\\/\\\/cirujanosesteticos.org\\\/dr-salathiel-acal\\\/\"]}]},{\"@type\":\"BreadcrumbList\",\"@id\":\"https:\\\/\\\/cirujanosesteticos.org\\\/dr-salathiel-acal\\\/#breadcrumb\",\"itemListElement\":[{\"@type\":\"ListItem\",\"position\":1,\"name\":\"Portada\",\"item\":\"https:\\\/\\\/cirujanosesteticos.org\\\/\"},{\"@type\":\"ListItem\",\"position\":2,\"name\":\"Dr. Salathiel Acal\"}]},{\"@type\":\"WebSite\",\"@id\":\"https:\\\/\\\/cirujanosesteticos.org\\\/#website\",\"url\":\"https:\\\/\\\/cirujanosesteticos.org\\\/\",\"name\":\"COMCCE, Consejo Mexicano Certificador de Cirug\u00eda Est\u00e9tica\",\"description\":\"Cirujano estetico Tijuana, Cirugia Estetica Tijuana, tijuana cosmetic surgery, tijuana plastic surgery\",\"potentialAction\":[{\"@type\":\"SearchAction\",\"target\":{\"@type\":\"EntryPoint\",\"urlTemplate\":\"https:\\\/\\\/cirujanosesteticos.org\\\/?s={search_term_string}\"},\"query-input\":{\"@type\":\"PropertyValueSpecification\",\"valueRequired\":true,\"valueName\":\"search_term_string\"}}],\"inLanguage\":\"en-US\"}]}<\/script>\n<!-- \/ Yoast SEO plugin. -->","yoast_head_json":{"title":"Dr. Salathiel Acal - COMCCE, Consejo Mexicano Certificador de Cirug\u00eda Est\u00e9tica","robots":{"index":"index","follow":"follow","max-snippet":"max-snippet:-1","max-image-preview":"max-image-preview:large","max-video-preview":"max-video-preview:-1"},"canonical":"https:\/\/cirujanosesteticos.org\/en\/dr-salathiel-acal\/","og_locale":"en_US","og_type":"article","og_title":"Dr. Salathiel Acal - COMCCE, Consejo Mexicano Certificador de Cirug\u00eda Est\u00e9tica","og_url":"https:\/\/cirujanosesteticos.org\/en\/dr-salathiel-acal\/","og_site_name":"COMCCE, Consejo Mexicano Certificador de Cirug\u00eda Est\u00e9tica","article_modified_time":"2025-05-22T23:18:08+00:00","twitter_card":"summary_large_image","twitter_misc":{"Est. reading time":"1 minute"},"schema":{"@context":"https:\/\/schema.org","@graph":[{"@type":"WebPage","@id":"https:\/\/cirujanosesteticos.org\/dr-salathiel-acal\/","url":"https:\/\/cirujanosesteticos.org\/dr-salathiel-acal\/","name":"Dr. Salathiel Acal - COMCCE, Consejo Mexicano Certificador de Cirug\u00eda Est\u00e9tica","isPartOf":{"@id":"https:\/\/cirujanosesteticos.org\/#website"},"datePublished":"2025-05-22T23:03:13+00:00","dateModified":"2025-05-22T23:18:08+00:00","breadcrumb":{"@id":"https:\/\/cirujanosesteticos.org\/dr-salathiel-acal\/#breadcrumb"},"inLanguage":"en-US","potentialAction":[{"@type":"ReadAction","target":["https:\/\/cirujanosesteticos.org\/dr-salathiel-acal\/"]}]},{"@type":"BreadcrumbList","@id":"https:\/\/cirujanosesteticos.org\/dr-salathiel-acal\/#breadcrumb","itemListElement":[{"@type":"ListItem","position":1,"name":"Portada","item":"https:\/\/cirujanosesteticos.org\/"},{"@type":"ListItem","position":2,"name":"Dr. Salathiel Acal"}]},{"@type":"WebSite","@id":"https:\/\/cirujanosesteticos.org\/#website","url":"https:\/\/cirujanosesteticos.org\/","name":"COMCCE, Consejo Mexicano Certificador de Cirug\u00eda Est\u00e9tica","description":"Cirujano estetico Tijuana, Cirugia Estetica Tijuana, tijuana cosmetic surgery, tijuana plastic surgery","potentialAction":[{"@type":"SearchAction","target":{"@type":"EntryPoint","urlTemplate":"https:\/\/cirujanosesteticos.org\/?s={search_term_string}"},"query-input":{"@type":"PropertyValueSpecification","valueRequired":true,"valueName":"search_term_string"}}],"inLanguage":"en-US"}]}},"_links":{"self":[{"href":"https:\/\/cirujanosesteticos.org\/en\/wp-json\/wp\/v2\/pages\/2162","targetHints":{"allow":["GET"]}}],"collection":[{"href":"https:\/\/cirujanosesteticos.org\/en\/wp-json\/wp\/v2\/pages"}],"about":[{"href":"https:\/\/cirujanosesteticos.org\/en\/wp-json\/wp\/v2\/types\/page"}],"author":[{"embeddable":true,"href":"https:\/\/cirujanosesteticos.org\/en\/wp-json\/wp\/v2\/users\/1"}],"replies":[{"embeddable":true,"href":"https:\/\/cirujanosesteticos.org\/en\/wp-json\/wp\/v2\/comments?post=2162"}],"version-history":[{"count":3,"href":"https:\/\/cirujanosesteticos.org\/en\/wp-json\/wp\/v2\/pages\/2162\/revisions"}],"predecessor-version":[{"id":2215,"href":"https:\/\/cirujanosesteticos.org\/en\/wp-json\/wp\/v2\/pages\/2162\/revisions\/2215"}],"wp:attachment":[{"href":"https:\/\/cirujanosesteticos.org\/en\/wp-json\/wp\/v2\/media?parent=2162"}],"curies":[{"name":"wp","href":"https:\/\/api.w.org\/{rel}","templated":true}]}}