{"id":1589,"date":"2024-07-11T22:12:52","date_gmt":"2024-07-11T22:12:52","guid":{"rendered":"https:\/\/cirujanosesteticos.org\/?page_id=1589"},"modified":"2024-07-17T22:08:28","modified_gmt":"2024-07-17T22:08:28","slug":"dr-cesar-guillermo-lora-velarde","status":"publish","type":"page","link":"https:\/\/cirujanosesteticos.org\/en\/dr-cesar-guillermo-lora-velarde\/","title":{"rendered":"Dr. Cesar Guillermo Lora Velarde"},"content":{"rendered":"<div id=\"fws_6a0a08c6ab519\"  data-column-margin=\"default\" data-midnight=\"dark\"  class=\"wpb_row vc_row-fluid vc_row\"  style=\"padding-top: 0px; padding-bottom: 0px; \"><div class=\"row-bg-wrap\" data-bg-animation=\"none\" data-bg-animation-delay=\"\" data-bg-overlay=\"false\"><div class=\"inner-wrap row-bg-layer\" ><div class=\"row-bg viewport-desktop\"  style=\"\"><\/div><\/div><\/div><div class=\"row_col_wrap_12 col span_12 dark left\">\n\t<div  class=\"vc_col-sm-6 wpb_column column_container vc_column_container col centered-text no-extra-padding inherit_tablet inherit_phone\"  data-padding-pos=\"all\" data-has-bg-color=\"false\" data-bg-color=\"\" data-bg-opacity=\"1\" data-animation=\"\" data-delay=\"0\" >\n\t\t<div class=\"vc_column-inner\" >\n\t\t\t<div class=\"wpb_wrapper\">\n\t\t\t\t<div class=\"img-with-aniamtion-wrap  custom-size\" data-max-width=\"100%\" data-max-width-mobile=\"default\" data-shadow=\"none\" data-animation=\"none\" >\n      <div class=\"inner\">\n        <div class=\"hover-wrap\"> \n          <div class=\"hover-wrap-inner\">\n            <img loading=\"lazy\" decoding=\"async\" class=\"img-with-animation skip-lazy\" data-delay=\"0\" height=\"300\" width=\"300\" data-animation=\"none\" src=\"https:\/\/cirujanosesteticos.org\/wp-content\/uploads\/2024\/07\/Dr.-Cesar-Lora-300x300.png\" alt=\"\" srcset=\"https:\/\/cirujanosesteticos.org\/wp-content\/uploads\/2024\/07\/Dr.-Cesar-Lora-300x300.png 300w, https:\/\/cirujanosesteticos.org\/wp-content\/uploads\/2024\/07\/Dr.-Cesar-Lora-1024x1024.png 1024w, https:\/\/cirujanosesteticos.org\/wp-content\/uploads\/2024\/07\/Dr.-Cesar-Lora-150x150.png 150w, https:\/\/cirujanosesteticos.org\/wp-content\/uploads\/2024\/07\/Dr.-Cesar-Lora-768x768.png 768w, https:\/\/cirujanosesteticos.org\/wp-content\/uploads\/2024\/07\/Dr.-Cesar-Lora-140x140.png 140w, https:\/\/cirujanosesteticos.org\/wp-content\/uploads\/2024\/07\/Dr.-Cesar-Lora-100x100.png 100w, https:\/\/cirujanosesteticos.org\/wp-content\/uploads\/2024\/07\/Dr.-Cesar-Lora-500x500.png 500w, https:\/\/cirujanosesteticos.org\/wp-content\/uploads\/2024\/07\/Dr.-Cesar-Lora-350x350.png 350w, https:\/\/cirujanosesteticos.org\/wp-content\/uploads\/2024\/07\/Dr.-Cesar-Lora-1000x1000.png 1000w, https:\/\/cirujanosesteticos.org\/wp-content\/uploads\/2024\/07\/Dr.-Cesar-Lora-800x800.png 800w, https:\/\/cirujanosesteticos.org\/wp-content\/uploads\/2024\/07\/Dr.-Cesar-Lora-600x600.png 600w, https:\/\/cirujanosesteticos.org\/wp-content\/uploads\/2024\/07\/Dr.-Cesar-Lora.png 1420w\" sizes=\"auto, (max-width: 300px) 100vw, 300px\" \/>\n          <\/div>\n        <\/div>\n        \n      <\/div>\n    <\/div>\n\t\t\t<\/div> \n\t\t<\/div>\n\t<\/div> \n\n\t<div  class=\"vc_col-sm-6 wpb_column column_container vc_column_container col no-extra-padding inherit_tablet inherit_phone\"  data-padding-pos=\"all\" data-has-bg-color=\"false\" data-bg-color=\"\" data-bg-opacity=\"1\" data-animation=\"\" data-delay=\"0\" >\n\t\t<div class=\"vc_column-inner\" >\n\t\t\t<div class=\"wpb_wrapper\">\n\t\t\t\t\n<div class=\"wpb_text_column wpb_content_element\" >\n\t<p><strong>Full Name:<\/strong> Dr. Cesar Guillermo Lora Velarde<br \/>\n<strong>Folio de Examen:<\/strong> 024-2024<br \/>\n<strong>Medical Surgeon's License:<\/strong> 2390817<br \/>\n<strong>C\u00e9dula de Especialidad en Ginecolog\u00eda y Obstetricia:<\/strong> 3287433<br \/>\n<strong>C\u00e9dula de Especialidad Cirug\u00eda Est\u00e9tica: <\/strong>11027932<br \/>\n<strong>COFEPRIS Operating Notice: <\/strong>202400020006915<br \/>\n<strong>COFEPRIS Advertising Permit: <\/strong>203301536X2065<br \/>\n<strong>Phone: <\/strong>+52 664 1681048<br \/>\n<strong>Direcci\u00f3n:<\/strong> Blvd Agua Caliente 1844 interior 203 esquina con Calle Melchor Ocampo. Tijuana, B.C., M\u00e9xico.<br \/>\n&#8211;<br \/>\nVerify their professional licenses at: <a href=\"https:\/\/www.cedulaprofesional.sep.gob.mx\/cedula\/presidencia\/indexAvanzada.action\">Direcci\u00f3n General de Profesiones<\/a>.<\/p>\n<\/div>\n\n\n\n<div id=\"fws_6a0a08c6ac5ef\" data-midnight=\"\" data-column-margin=\"default\" class=\"wpb_row vc_row-fluid vc_row inner_row\"  style=\"\"><div class=\"row-bg-wrap\"> <div class=\"row-bg\" ><\/div> <\/div><div class=\"row_col_wrap_12_inner col span_12  left\">\n\t<div  class=\"vc_col-sm-12 wpb_column column_container vc_column_container col child_column no-extra-padding inherit_tablet inherit_phone\"   data-padding-pos=\"all\" data-has-bg-color=\"false\" data-bg-color=\"\" data-bg-opacity=\"1\" data-animation=\"\" data-delay=\"0\" >\n\t\t<div class=\"vc_column-inner\" >\n\t\t<div class=\"wpb_wrapper\">\n\t\t\t<div class=\"divider-wrap\" data-alignment=\"default\"><div style=\"height: 30px;\" class=\"divider\"><\/div><\/div>\n\t\t<\/div> \n\t<\/div>\n\t<\/div> \n<\/div><\/div>\n\t\t\t<\/div> \n\t\t<\/div>\n\t<\/div> \n<\/div><\/div>","protected":false},"excerpt":{"rendered":"Nombre Completo: Dr. Cesar Guillermo Lora Velarde Folio de Examen: 024-2024 C\u00e9dula de M\u00e9dico Cirujano: 2390817 C\u00e9dula de Especialidad en Ginecolog\u00eda y Obstetricia: 3287433 C\u00e9dula de Especialidad Cirug\u00eda Est\u00e9tica: 11027932...","protected":false},"author":1,"featured_media":0,"parent":0,"menu_order":0,"comment_status":"closed","ping_status":"closed","template":"","meta":{"footnotes":""},"class_list":["post-1589","page","type-page","status-publish"],"yoast_head":"<!-- This site is optimized with the Yoast SEO plugin v27.6 - https:\/\/yoast.com\/product\/yoast-seo-wordpress\/ -->\n<title>Dr. Cesar Guillermo Lora Velarde - COMCCE, Consejo Mexicano Certificador de Cirug\u00eda Est\u00e9tica<\/title>\n<meta name=\"robots\" content=\"index, follow, max-snippet:-1, max-image-preview:large, max-video-preview:-1\" \/>\n<link rel=\"canonical\" href=\"https:\/\/cirujanosesteticos.org\/en\/dr-cesar-guillermo-lora-velarde\/\" \/>\n<meta property=\"og:locale\" content=\"en_US\" \/>\n<meta property=\"og:type\" content=\"article\" \/>\n<meta property=\"og:title\" content=\"Dr. Cesar Guillermo Lora Velarde - COMCCE, Consejo Mexicano Certificador de Cirug\u00eda Est\u00e9tica\" \/>\n<meta property=\"og:url\" content=\"https:\/\/cirujanosesteticos.org\/en\/dr-cesar-guillermo-lora-velarde\/\" \/>\n<meta property=\"og:site_name\" content=\"COMCCE, Consejo Mexicano Certificador de Cirug\u00eda Est\u00e9tica\" \/>\n<meta property=\"article:modified_time\" content=\"2024-07-17T22:08:28+00:00\" \/>\n<meta name=\"twitter:card\" content=\"summary_large_image\" \/>\n<meta name=\"twitter:label1\" content=\"Est. reading time\" \/>\n\t<meta name=\"twitter:data1\" content=\"1 minute\" \/>\n<script type=\"application\/ld+json\" class=\"yoast-schema-graph\">{\"@context\":\"https:\\\/\\\/schema.org\",\"@graph\":[{\"@type\":\"WebPage\",\"@id\":\"https:\\\/\\\/cirujanosesteticos.org\\\/dr-cesar-guillermo-lora-velarde\\\/\",\"url\":\"https:\\\/\\\/cirujanosesteticos.org\\\/dr-cesar-guillermo-lora-velarde\\\/\",\"name\":\"Dr. Cesar Guillermo Lora Velarde - COMCCE, Consejo Mexicano Certificador de Cirug\u00eda Est\u00e9tica\",\"isPartOf\":{\"@id\":\"https:\\\/\\\/cirujanosesteticos.org\\\/#website\"},\"datePublished\":\"2024-07-11T22:12:52+00:00\",\"dateModified\":\"2024-07-17T22:08:28+00:00\",\"breadcrumb\":{\"@id\":\"https:\\\/\\\/cirujanosesteticos.org\\\/dr-cesar-guillermo-lora-velarde\\\/#breadcrumb\"},\"inLanguage\":\"en-US\",\"potentialAction\":[{\"@type\":\"ReadAction\",\"target\":[\"https:\\\/\\\/cirujanosesteticos.org\\\/dr-cesar-guillermo-lora-velarde\\\/\"]}]},{\"@type\":\"BreadcrumbList\",\"@id\":\"https:\\\/\\\/cirujanosesteticos.org\\\/dr-cesar-guillermo-lora-velarde\\\/#breadcrumb\",\"itemListElement\":[{\"@type\":\"ListItem\",\"position\":1,\"name\":\"Portada\",\"item\":\"https:\\\/\\\/cirujanosesteticos.org\\\/\"},{\"@type\":\"ListItem\",\"position\":2,\"name\":\"Dr. Cesar Guillermo Lora Velarde\"}]},{\"@type\":\"WebSite\",\"@id\":\"https:\\\/\\\/cirujanosesteticos.org\\\/#website\",\"url\":\"https:\\\/\\\/cirujanosesteticos.org\\\/\",\"name\":\"COMCCE, Consejo Mexicano Certificador de Cirug\u00eda Est\u00e9tica\",\"description\":\"Cirujano estetico Tijuana, Cirugia Estetica Tijuana, tijuana cosmetic surgery, tijuana plastic surgery\",\"potentialAction\":[{\"@type\":\"SearchAction\",\"target\":{\"@type\":\"EntryPoint\",\"urlTemplate\":\"https:\\\/\\\/cirujanosesteticos.org\\\/?s={search_term_string}\"},\"query-input\":{\"@type\":\"PropertyValueSpecification\",\"valueRequired\":true,\"valueName\":\"search_term_string\"}}],\"inLanguage\":\"en-US\"}]}<\/script>\n<!-- \/ Yoast SEO plugin. -->","yoast_head_json":{"title":"Dr. Cesar Guillermo Lora Velarde - COMCCE, Consejo Mexicano Certificador de Cirug\u00eda Est\u00e9tica","robots":{"index":"index","follow":"follow","max-snippet":"max-snippet:-1","max-image-preview":"max-image-preview:large","max-video-preview":"max-video-preview:-1"},"canonical":"https:\/\/cirujanosesteticos.org\/en\/dr-cesar-guillermo-lora-velarde\/","og_locale":"en_US","og_type":"article","og_title":"Dr. Cesar Guillermo Lora Velarde - COMCCE, Consejo Mexicano Certificador de Cirug\u00eda Est\u00e9tica","og_url":"https:\/\/cirujanosesteticos.org\/en\/dr-cesar-guillermo-lora-velarde\/","og_site_name":"COMCCE, Consejo Mexicano Certificador de Cirug\u00eda Est\u00e9tica","article_modified_time":"2024-07-17T22:08:28+00:00","twitter_card":"summary_large_image","twitter_misc":{"Est. reading time":"1 minute"},"schema":{"@context":"https:\/\/schema.org","@graph":[{"@type":"WebPage","@id":"https:\/\/cirujanosesteticos.org\/dr-cesar-guillermo-lora-velarde\/","url":"https:\/\/cirujanosesteticos.org\/dr-cesar-guillermo-lora-velarde\/","name":"Dr. Cesar Guillermo Lora Velarde - COMCCE, Consejo Mexicano Certificador de Cirug\u00eda Est\u00e9tica","isPartOf":{"@id":"https:\/\/cirujanosesteticos.org\/#website"},"datePublished":"2024-07-11T22:12:52+00:00","dateModified":"2024-07-17T22:08:28+00:00","breadcrumb":{"@id":"https:\/\/cirujanosesteticos.org\/dr-cesar-guillermo-lora-velarde\/#breadcrumb"},"inLanguage":"en-US","potentialAction":[{"@type":"ReadAction","target":["https:\/\/cirujanosesteticos.org\/dr-cesar-guillermo-lora-velarde\/"]}]},{"@type":"BreadcrumbList","@id":"https:\/\/cirujanosesteticos.org\/dr-cesar-guillermo-lora-velarde\/#breadcrumb","itemListElement":[{"@type":"ListItem","position":1,"name":"Portada","item":"https:\/\/cirujanosesteticos.org\/"},{"@type":"ListItem","position":2,"name":"Dr. Cesar Guillermo Lora Velarde"}]},{"@type":"WebSite","@id":"https:\/\/cirujanosesteticos.org\/#website","url":"https:\/\/cirujanosesteticos.org\/","name":"COMCCE, Consejo Mexicano Certificador de Cirug\u00eda Est\u00e9tica","description":"Cirujano estetico Tijuana, Cirugia Estetica Tijuana, tijuana cosmetic surgery, tijuana plastic surgery","potentialAction":[{"@type":"SearchAction","target":{"@type":"EntryPoint","urlTemplate":"https:\/\/cirujanosesteticos.org\/?s={search_term_string}"},"query-input":{"@type":"PropertyValueSpecification","valueRequired":true,"valueName":"search_term_string"}}],"inLanguage":"en-US"}]}},"_links":{"self":[{"href":"https:\/\/cirujanosesteticos.org\/en\/wp-json\/wp\/v2\/pages\/1589","targetHints":{"allow":["GET"]}}],"collection":[{"href":"https:\/\/cirujanosesteticos.org\/en\/wp-json\/wp\/v2\/pages"}],"about":[{"href":"https:\/\/cirujanosesteticos.org\/en\/wp-json\/wp\/v2\/types\/page"}],"author":[{"embeddable":true,"href":"https:\/\/cirujanosesteticos.org\/en\/wp-json\/wp\/v2\/users\/1"}],"replies":[{"embeddable":true,"href":"https:\/\/cirujanosesteticos.org\/en\/wp-json\/wp\/v2\/comments?post=1589"}],"version-history":[{"count":6,"href":"https:\/\/cirujanosesteticos.org\/en\/wp-json\/wp\/v2\/pages\/1589\/revisions"}],"predecessor-version":[{"id":1852,"href":"https:\/\/cirujanosesteticos.org\/en\/wp-json\/wp\/v2\/pages\/1589\/revisions\/1852"}],"wp:attachment":[{"href":"https:\/\/cirujanosesteticos.org\/en\/wp-json\/wp\/v2\/media?parent=1589"}],"curies":[{"name":"wp","href":"https:\/\/api.w.org\/{rel}","templated":true}]}}