{"id":1404,"date":"2023-11-07T21:08:46","date_gmt":"2023-11-07T21:08:46","guid":{"rendered":"https:\/\/cirujanosesteticos.org\/?page_id=1404"},"modified":"2026-02-05T18:04:47","modified_gmt":"2026-02-05T18:04:47","slug":"dr-renato-rodriguez-hirales","status":"publish","type":"page","link":"https:\/\/cirujanosesteticos.org\/en\/dr-renato-rodriguez-hirales\/","title":{"rendered":"Dr. Renato Rodr\u00edguez Hirales"},"content":{"rendered":"<div id=\"fws_69ef4a9bef71c\"  data-column-margin=\"default\" data-midnight=\"dark\"  class=\"wpb_row vc_row-fluid vc_row\"  style=\"padding-top: 0px; padding-bottom: 0px; \"><div class=\"row-bg-wrap\" data-bg-animation=\"none\" data-bg-animation-delay=\"\" data-bg-overlay=\"false\"><div class=\"inner-wrap row-bg-layer\" ><div class=\"row-bg viewport-desktop\"  style=\"\"><\/div><\/div><\/div><div class=\"row_col_wrap_12 col span_12 dark left\">\n\t<div  class=\"vc_col-sm-6 wpb_column column_container vc_column_container col centered-text no-extra-padding inherit_tablet inherit_phone flex_gap_desktop_10px\"  data-padding-pos=\"all\" data-has-bg-color=\"false\" data-bg-color=\"\" data-bg-opacity=\"1\" data-animation=\"\" data-delay=\"0\" >\n\t\t<div class=\"vc_column-inner\" >\n\t\t\t<div class=\"wpb_wrapper\">\n\t\t\t\t<div class=\"img-with-aniamtion-wrap  custom-size\" data-max-width=\"100%\" data-max-width-mobile=\"default\" data-shadow=\"none\" data-animation=\"none\" >\n      <div class=\"inner\">\n        <div class=\"hover-wrap\"> \n          <div class=\"hover-wrap-inner\">\n            <img loading=\"lazy\" decoding=\"async\" class=\"img-with-animation skip-lazy\" data-delay=\"0\" height=\"300\" width=\"300\" data-animation=\"none\" src=\"https:\/\/cirujanosesteticos.org\/wp-content\/uploads\/2023\/10\/Dr.-Renato-Rodriguez-300x300.png\" alt=\"\" srcset=\"https:\/\/cirujanosesteticos.org\/wp-content\/uploads\/2023\/10\/Dr.-Renato-Rodriguez-300x300.png 300w, https:\/\/cirujanosesteticos.org\/wp-content\/uploads\/2023\/10\/Dr.-Renato-Rodriguez-150x150.png 150w, https:\/\/cirujanosesteticos.org\/wp-content\/uploads\/2023\/10\/Dr.-Renato-Rodriguez-600x600.png 600w, https:\/\/cirujanosesteticos.org\/wp-content\/uploads\/2023\/10\/Dr.-Renato-Rodriguez-1024x1024.png 1024w, https:\/\/cirujanosesteticos.org\/wp-content\/uploads\/2023\/10\/Dr.-Renato-Rodriguez-768x768.png 768w, https:\/\/cirujanosesteticos.org\/wp-content\/uploads\/2023\/10\/Dr.-Renato-Rodriguez-140x140.png 140w, https:\/\/cirujanosesteticos.org\/wp-content\/uploads\/2023\/10\/Dr.-Renato-Rodriguez-100x100.png 100w, https:\/\/cirujanosesteticos.org\/wp-content\/uploads\/2023\/10\/Dr.-Renato-Rodriguez-500x500.png 500w, https:\/\/cirujanosesteticos.org\/wp-content\/uploads\/2023\/10\/Dr.-Renato-Rodriguez-350x350.png 350w, https:\/\/cirujanosesteticos.org\/wp-content\/uploads\/2023\/10\/Dr.-Renato-Rodriguez-1000x1000.png 1000w, https:\/\/cirujanosesteticos.org\/wp-content\/uploads\/2023\/10\/Dr.-Renato-Rodriguez-800x800.png 800w, https:\/\/cirujanosesteticos.org\/wp-content\/uploads\/2023\/10\/Dr.-Renato-Rodriguez.png 1420w\" sizes=\"auto, (max-width: 300px) 100vw, 300px\" \/>\n          <\/div>\n        <\/div>\n        \n      <\/div>\n    <\/div>\n\t\t\t<\/div> \n\t\t<\/div>\n\t<\/div> \n\n\t<div  class=\"vc_col-sm-6 wpb_column column_container vc_column_container col no-extra-padding inherit_tablet inherit_phone flex_gap_desktop_10px\"  data-padding-pos=\"all\" data-has-bg-color=\"false\" data-bg-color=\"\" data-bg-opacity=\"1\" data-animation=\"\" data-delay=\"0\" >\n\t\t<div class=\"vc_column-inner\" >\n\t\t\t<div class=\"wpb_wrapper\">\n\t\t\t\t\n<div class=\"wpb_text_column wpb_content_element\" >\n\t<p><strong>Full Name:<\/strong> Dr. Renato Rodr\u00edguez Hirales<br \/>\n<strong>Medical Surgeon's License:<\/strong> 1993578<br \/>\n<strong>Master's Degree Certificate in Aesthetic Surgery:<\/strong> 09133468<br \/>\n<strong>COFEPRIS Operating Notice:<\/strong> 2302035036X00042<br \/>\n<strong>COFEPRIS Advertising Permit:<\/strong> 2302032002A00003<br \/>\n<strong>Clinic:<\/strong> Hispali \/ Dr. Baja<br \/>\n<strong>Website:<\/strong> <a href=\"http:\/\/www.drbaja.com\">www.drbaja.com<\/a><br \/>\n<strong>Email:<\/strong> clinicahispali@gmail.com<br \/>\n<strong>Phone:<\/strong>: +52 646 120 52 22<br \/>\n&#8211;<br \/>\nVerify their professional licenses at: <a href=\"https:\/\/www.cedulaprofesional.sep.gob.mx\/cedula\/presidencia\/indexAvanzada.action\">General Directorate of Professions.<\/a><\/p>\n<\/div>\n\n\n\n\n\t\t\t<\/div> \n\t\t<\/div>\n\t<\/div> \n<\/div><\/div>","protected":false},"excerpt":{"rendered":"Nombre Completo: Dr. Renato Rodr\u00edguez Hirales C\u00e9dula de M\u00e9dico Cirujano: 1993578 C\u00e9dula de Maestr\u00eda en Cirug\u00eda Est\u00e9tica: 09133468 Aviso de Funcionamiento COFEPRIS: 2302035036X00042 Permiso Publicidad COFEPRIS: 2302032002A00003 Cl\u00ednica: Hispali \/...","protected":false},"author":1,"featured_media":0,"parent":0,"menu_order":0,"comment_status":"closed","ping_status":"closed","template":"","meta":{"footnotes":""},"class_list":["post-1404","page","type-page","status-publish"],"yoast_head":"<!-- This site is optimized with the Yoast SEO plugin v27.4 - https:\/\/yoast.com\/product\/yoast-seo-wordpress\/ -->\n<title>Dr. Renato Rodr\u00edguez Hirales - COMCCE, Consejo Mexicano Certificador de Cirug\u00eda Est\u00e9tica<\/title>\n<meta name=\"robots\" content=\"index, follow, max-snippet:-1, max-image-preview:large, max-video-preview:-1\" \/>\n<link rel=\"canonical\" href=\"https:\/\/cirujanosesteticos.org\/en\/dr-renato-rodriguez-hirales\/\" \/>\n<meta property=\"og:locale\" content=\"en_US\" \/>\n<meta property=\"og:type\" content=\"article\" \/>\n<meta property=\"og:title\" content=\"Dr. Renato Rodr\u00edguez Hirales - COMCCE, Consejo Mexicano Certificador de Cirug\u00eda Est\u00e9tica\" \/>\n<meta property=\"og:url\" content=\"https:\/\/cirujanosesteticos.org\/en\/dr-renato-rodriguez-hirales\/\" \/>\n<meta property=\"og:site_name\" content=\"COMCCE, Consejo Mexicano Certificador de Cirug\u00eda Est\u00e9tica\" \/>\n<meta property=\"article:modified_time\" content=\"2026-02-05T18:04:47+00:00\" \/>\n<meta name=\"twitter:card\" content=\"summary_large_image\" \/>\n<meta name=\"twitter:label1\" content=\"Est. reading time\" \/>\n\t<meta name=\"twitter:data1\" content=\"1 minute\" \/>\n<script type=\"application\/ld+json\" class=\"yoast-schema-graph\">{\"@context\":\"https:\\\/\\\/schema.org\",\"@graph\":[{\"@type\":\"WebPage\",\"@id\":\"https:\\\/\\\/cirujanosesteticos.org\\\/dr-renato-rodriguez-hirales\\\/\",\"url\":\"https:\\\/\\\/cirujanosesteticos.org\\\/dr-renato-rodriguez-hirales\\\/\",\"name\":\"Dr. Renato Rodr\u00edguez Hirales - COMCCE, Consejo Mexicano Certificador de Cirug\u00eda Est\u00e9tica\",\"isPartOf\":{\"@id\":\"https:\\\/\\\/cirujanosesteticos.org\\\/#website\"},\"datePublished\":\"2023-11-07T21:08:46+00:00\",\"dateModified\":\"2026-02-05T18:04:47+00:00\",\"breadcrumb\":{\"@id\":\"https:\\\/\\\/cirujanosesteticos.org\\\/dr-renato-rodriguez-hirales\\\/#breadcrumb\"},\"inLanguage\":\"en-US\",\"potentialAction\":[{\"@type\":\"ReadAction\",\"target\":[\"https:\\\/\\\/cirujanosesteticos.org\\\/dr-renato-rodriguez-hirales\\\/\"]}]},{\"@type\":\"BreadcrumbList\",\"@id\":\"https:\\\/\\\/cirujanosesteticos.org\\\/dr-renato-rodriguez-hirales\\\/#breadcrumb\",\"itemListElement\":[{\"@type\":\"ListItem\",\"position\":1,\"name\":\"Portada\",\"item\":\"https:\\\/\\\/cirujanosesteticos.org\\\/\"},{\"@type\":\"ListItem\",\"position\":2,\"name\":\"Dr. Renato Rodr\u00edguez Hirales\"}]},{\"@type\":\"WebSite\",\"@id\":\"https:\\\/\\\/cirujanosesteticos.org\\\/#website\",\"url\":\"https:\\\/\\\/cirujanosesteticos.org\\\/\",\"name\":\"COMCCE, Consejo Mexicano Certificador de Cirug\u00eda Est\u00e9tica\",\"description\":\"Cirujano estetico Tijuana, Cirugia Estetica Tijuana, tijuana cosmetic surgery, tijuana plastic surgery\",\"potentialAction\":[{\"@type\":\"SearchAction\",\"target\":{\"@type\":\"EntryPoint\",\"urlTemplate\":\"https:\\\/\\\/cirujanosesteticos.org\\\/?s={search_term_string}\"},\"query-input\":{\"@type\":\"PropertyValueSpecification\",\"valueRequired\":true,\"valueName\":\"search_term_string\"}}],\"inLanguage\":\"en-US\"}]}<\/script>\n<!-- \/ Yoast SEO plugin. -->","yoast_head_json":{"title":"Dr. Renato Rodr\u00edguez Hirales - COMCCE, Consejo Mexicano Certificador de Cirug\u00eda Est\u00e9tica","robots":{"index":"index","follow":"follow","max-snippet":"max-snippet:-1","max-image-preview":"max-image-preview:large","max-video-preview":"max-video-preview:-1"},"canonical":"https:\/\/cirujanosesteticos.org\/en\/dr-renato-rodriguez-hirales\/","og_locale":"en_US","og_type":"article","og_title":"Dr. Renato Rodr\u00edguez Hirales - COMCCE, Consejo Mexicano Certificador de Cirug\u00eda Est\u00e9tica","og_url":"https:\/\/cirujanosesteticos.org\/en\/dr-renato-rodriguez-hirales\/","og_site_name":"COMCCE, Consejo Mexicano Certificador de Cirug\u00eda Est\u00e9tica","article_modified_time":"2026-02-05T18:04:47+00:00","twitter_card":"summary_large_image","twitter_misc":{"Est. reading time":"1 minute"},"schema":{"@context":"https:\/\/schema.org","@graph":[{"@type":"WebPage","@id":"https:\/\/cirujanosesteticos.org\/dr-renato-rodriguez-hirales\/","url":"https:\/\/cirujanosesteticos.org\/dr-renato-rodriguez-hirales\/","name":"Dr. Renato Rodr\u00edguez Hirales - COMCCE, Consejo Mexicano Certificador de Cirug\u00eda Est\u00e9tica","isPartOf":{"@id":"https:\/\/cirujanosesteticos.org\/#website"},"datePublished":"2023-11-07T21:08:46+00:00","dateModified":"2026-02-05T18:04:47+00:00","breadcrumb":{"@id":"https:\/\/cirujanosesteticos.org\/dr-renato-rodriguez-hirales\/#breadcrumb"},"inLanguage":"en-US","potentialAction":[{"@type":"ReadAction","target":["https:\/\/cirujanosesteticos.org\/dr-renato-rodriguez-hirales\/"]}]},{"@type":"BreadcrumbList","@id":"https:\/\/cirujanosesteticos.org\/dr-renato-rodriguez-hirales\/#breadcrumb","itemListElement":[{"@type":"ListItem","position":1,"name":"Portada","item":"https:\/\/cirujanosesteticos.org\/"},{"@type":"ListItem","position":2,"name":"Dr. Renato Rodr\u00edguez Hirales"}]},{"@type":"WebSite","@id":"https:\/\/cirujanosesteticos.org\/#website","url":"https:\/\/cirujanosesteticos.org\/","name":"COMCCE, Consejo Mexicano Certificador de Cirug\u00eda Est\u00e9tica","description":"Cirujano estetico Tijuana, Cirugia Estetica Tijuana, tijuana cosmetic surgery, tijuana plastic surgery","potentialAction":[{"@type":"SearchAction","target":{"@type":"EntryPoint","urlTemplate":"https:\/\/cirujanosesteticos.org\/?s={search_term_string}"},"query-input":{"@type":"PropertyValueSpecification","valueRequired":true,"valueName":"search_term_string"}}],"inLanguage":"en-US"}]}},"_links":{"self":[{"href":"https:\/\/cirujanosesteticos.org\/en\/wp-json\/wp\/v2\/pages\/1404","targetHints":{"allow":["GET"]}}],"collection":[{"href":"https:\/\/cirujanosesteticos.org\/en\/wp-json\/wp\/v2\/pages"}],"about":[{"href":"https:\/\/cirujanosesteticos.org\/en\/wp-json\/wp\/v2\/types\/page"}],"author":[{"embeddable":true,"href":"https:\/\/cirujanosesteticos.org\/en\/wp-json\/wp\/v2\/users\/1"}],"replies":[{"embeddable":true,"href":"https:\/\/cirujanosesteticos.org\/en\/wp-json\/wp\/v2\/comments?post=1404"}],"version-history":[{"count":5,"href":"https:\/\/cirujanosesteticos.org\/en\/wp-json\/wp\/v2\/pages\/1404\/revisions"}],"predecessor-version":[{"id":2610,"href":"https:\/\/cirujanosesteticos.org\/en\/wp-json\/wp\/v2\/pages\/1404\/revisions\/2610"}],"wp:attachment":[{"href":"https:\/\/cirujanosesteticos.org\/en\/wp-json\/wp\/v2\/media?parent=1404"}],"curies":[{"name":"wp","href":"https:\/\/api.w.org\/{rel}","templated":true}]}}