{"id":1283,"date":"2023-10-03T21:02:24","date_gmt":"2023-10-03T21:02:24","guid":{"rendered":"https:\/\/cirujanosesteticos.org\/?page_id=1283"},"modified":"2023-10-05T18:39:05","modified_gmt":"2023-10-05T18:39:05","slug":"gaceta","status":"publish","type":"page","link":"https:\/\/cirujanosesteticos.org\/en\/gaceta\/","title":{"rendered":"Gazette"},"content":{"rendered":"<div id=\"fws_6a09fe26acec9\"  data-column-margin=\"default\" data-midnight=\"dark\"  class=\"wpb_row vc_row-fluid vc_row\"  style=\"padding-top: 0px; padding-bottom: 0px; \"><div class=\"row-bg-wrap\" data-bg-animation=\"none\" data-bg-animation-delay=\"\" data-bg-overlay=\"false\"><div class=\"inner-wrap row-bg-layer\" ><div class=\"row-bg viewport-desktop\"  style=\"\"><\/div><\/div><\/div><div class=\"row_col_wrap_12 col span_12 dark left\">\n\t<div  class=\"vc_col-sm-12 wpb_column column_container vc_column_container col no-extra-padding inherit_tablet inherit_phone\"  data-padding-pos=\"all\" data-has-bg-color=\"false\" data-bg-color=\"\" data-bg-opacity=\"1\" data-animation=\"\" data-delay=\"0\" >\n\t\t<div class=\"vc_column-inner\" >\n\t\t\t<div class=\"wpb_wrapper\">\n\t\t\t\t\n<div class=\"row\">\n\n <div class=\"post-area col featured_img_left span_12 col_last\" data-ams=\"\" data-remove-post-date=\"\" data-remove-post-author=\"\" data-remove-post-comment-number=\"\" data-remove-post-nectar-love=\"\"> <div class=\"posts-container\" data-load-animation=\"none\">     \n     \n<article id=\"post-1371\" class=\"post-1371 post type-post status-publish format-standard has-post-thumbnail category-gaceta tag-lipoplastia-asistida tag-lipotransferencia tag-reunion-del-comcce\">  \n  <div class=\"inner-wrap animated\">\n    <div class=\"post-content\">\n      <div class=\"article-content-wrap\">\n        <div class=\"post-featured-img-wrap\">\n          <a href=\"https:\/\/cirujanosesteticos.org\/en\/2023\/10\/25\/reunion-del-comcce\/\" aria-label=\"COMCCE Meeting\"><span class=\"post-featured-img\"><img loading=\"lazy\" decoding=\"async\" width=\"900\" height=\"600\" src=\"https:\/\/cirujanosesteticos.org\/wp-content\/uploads\/2023\/10\/7-900x600.jpg\" class=\"attachment-wide_photography size-wide_photography skip-lazy wp-post-image\" alt=\"\" title=\"\" sizes=\"auto, (min-width: 690px) 40vw, 100vw\" \/><\/span><\/a>          \n        <\/div>\n        <div class=\"post-content-wrap\">\n          <a class=\"entire-meta-link\" href=\"https:\/\/cirujanosesteticos.org\/en\/2023\/10\/25\/reunion-del-comcce\/\"><span class=\"screen-reader-text\">COMCCE Meeting<\/span><\/a>\n          <span class=\"meta-category\"><a class=\"gaceta\" href=\"https:\/\/cirujanosesteticos.org\/en\/category\/gaceta\/\">Gazette<\/a><\/span>          \n          <div class=\"post-header\">\n            <h3 class=\"title\"><a href=\"https:\/\/cirujanosesteticos.org\/en\/2023\/10\/25\/reunion-del-comcce\/\"> COMCCE Meeting<\/a><\/h3>\n          <\/div>\n          \n          <div class=\"excerpt\">COMCCE members meet for updates on the topic of Lipoplasty Assisted with Lipotransfer\u2026<\/div><div class=\"grav-wrap\"><a href=\"https:\/\/cirujanosesteticos.org\/en\/author\/admin\/\"><img alt='admin' src='https:\/\/secure.gravatar.com\/avatar\/807fef11845fed244d8c7e672f782d4a8c00a05f6e006aaf37b668a749729fe1?s=70&#038;d=mm&#038;r=g' srcset='https:\/\/secure.gravatar.com\/avatar\/807fef11845fed244d8c7e672f782d4a8c00a05f6e006aaf37b668a749729fe1?s=140&#038;d=mm&#038;r=g 2x' class='avatar avatar-70 photo' height='70' width='70' \/><\/a><div class=\"text\"><a href=\"https:\/\/cirujanosesteticos.org\/en\/author\/admin\/\" rel=\"author\">admin<\/a><span>October 25, 2023<\/span><\/div><\/div>        <\/div>\n      <\/div>\n    <\/div>\n  <\/div>\n<\/article>     \n     \n<article id=\"post-1362\" class=\"post-1362 post type-post status-publish format-standard has-post-thumbnail category-gaceta tag-sesion-ordinaria\">  \n  <div class=\"inner-wrap animated\">\n    <div class=\"post-content\">\n      <div class=\"article-content-wrap\">\n        <div class=\"post-featured-img-wrap\">\n          <a href=\"https:\/\/cirujanosesteticos.org\/en\/2023\/10\/11\/sesion-ordinaria\/\" aria-label=\"Ordinary Session\"><span class=\"post-featured-img\"><img loading=\"lazy\" decoding=\"async\" width=\"900\" height=\"600\" src=\"https:\/\/cirujanosesteticos.org\/wp-content\/uploads\/2023\/10\/a1-900x600.jpg\" class=\"attachment-wide_photography size-wide_photography skip-lazy wp-post-image\" alt=\"\" title=\"\" sizes=\"auto, (min-width: 690px) 40vw, 100vw\" \/><\/span><\/a>          \n        <\/div>\n        <div class=\"post-content-wrap\">\n          <a class=\"entire-meta-link\" href=\"https:\/\/cirujanosesteticos.org\/en\/2023\/10\/11\/sesion-ordinaria\/\"><span class=\"screen-reader-text\">Ordinary Session<\/span><\/a>\n          <span class=\"meta-category\"><a class=\"gaceta\" href=\"https:\/\/cirujanosesteticos.org\/en\/category\/gaceta\/\">Gazette<\/a><\/span>          \n          <div class=\"post-header\">\n            <h3 class=\"title\"><a href=\"https:\/\/cirujanosesteticos.org\/en\/2023\/10\/11\/sesion-ordinaria\/\"> Ordinary Session<\/a><\/h3>\n          <\/div>\n          \n          <div class=\"excerpt\">The COMCCE regular session was held on October 11th, with the topic of Blepharoplasty, presented by\u2026<\/div><div class=\"grav-wrap\"><a href=\"https:\/\/cirujanosesteticos.org\/en\/author\/admin\/\"><img alt='admin' src='https:\/\/secure.gravatar.com\/avatar\/807fef11845fed244d8c7e672f782d4a8c00a05f6e006aaf37b668a749729fe1?s=70&#038;d=mm&#038;r=g' srcset='https:\/\/secure.gravatar.com\/avatar\/807fef11845fed244d8c7e672f782d4a8c00a05f6e006aaf37b668a749729fe1?s=140&#038;d=mm&#038;r=g 2x' class='avatar avatar-70 photo' height='70' width='70' \/><\/a><div class=\"text\"><a href=\"https:\/\/cirujanosesteticos.org\/en\/author\/admin\/\" rel=\"author\">admin<\/a><span>October 11, 2023<\/span><\/div><\/div>        <\/div>\n      <\/div>\n    <\/div>\n  <\/div>\n<\/article>     \n     \n<article id=\"post-1348\" class=\"post-1348 post type-post status-publish format-standard has-post-thumbnail category-gaceta tag-gaceta tag-pronunciamiento-buenas-practicas-2023\">  \n  <div class=\"inner-wrap animated\">\n    <div class=\"post-content\">\n      <div class=\"article-content-wrap\">\n        <div class=\"post-featured-img-wrap\">\n          <a href=\"https:\/\/cirujanosesteticos.org\/en\/2023\/10\/09\/pronunciamiento-buenas-practicas-2023\/\" aria-label=\"Statement on good practices 2023\"><span class=\"post-featured-img\"><img loading=\"lazy\" decoding=\"async\" width=\"900\" height=\"600\" src=\"https:\/\/cirujanosesteticos.org\/wp-content\/uploads\/2023\/10\/Pronunciamento-Buenas-Practicas-2023-900x600.png\" class=\"attachment-wide_photography size-wide_photography skip-lazy wp-post-image\" alt=\"\" title=\"\" sizes=\"auto, (min-width: 690px) 40vw, 100vw\" \/><\/span><\/a>          \n        <\/div>\n        <div class=\"post-content-wrap\">\n          <a class=\"entire-meta-link\" href=\"https:\/\/cirujanosesteticos.org\/en\/2023\/10\/09\/pronunciamiento-buenas-practicas-2023\/\"><span class=\"screen-reader-text\">Statement on good practices 2023<\/span><\/a>\n          <span class=\"meta-category\"><a class=\"gaceta\" href=\"https:\/\/cirujanosesteticos.org\/en\/category\/gaceta\/\">Gazette<\/a><\/span>          \n          <div class=\"post-header\">\n            <h3 class=\"title\"><a href=\"https:\/\/cirujanosesteticos.org\/en\/2023\/10\/09\/pronunciamiento-buenas-practicas-2023\/\"> Statement on good practices 2023<\/a><\/h3>\n          <\/div>\n          \n          <div class=\"excerpt\">TO WHOM IT MAY CONCERN P R E S E N T E.- DR. ALMA EVELIA TORRES\u2026<\/div><div class=\"grav-wrap\"><a href=\"https:\/\/cirujanosesteticos.org\/en\/author\/admin\/\"><img alt='admin' src='https:\/\/secure.gravatar.com\/avatar\/807fef11845fed244d8c7e672f782d4a8c00a05f6e006aaf37b668a749729fe1?s=70&#038;d=mm&#038;r=g' srcset='https:\/\/secure.gravatar.com\/avatar\/807fef11845fed244d8c7e672f782d4a8c00a05f6e006aaf37b668a749729fe1?s=140&#038;d=mm&#038;r=g 2x' class='avatar avatar-70 photo' height='70' width='70' \/><\/a><div class=\"text\"><a href=\"https:\/\/cirujanosesteticos.org\/en\/author\/admin\/\" rel=\"author\">admin<\/a><span>October 9, 2023<\/span><\/div><\/div>        <\/div>\n      <\/div>\n    <\/div>\n  <\/div>\n<\/article>     \n     \n<article id=\"post-1319\" class=\"post-1319 post type-post status-publish format-standard has-post-thumbnail category-gaceta tag-aviso-sanitario tag-comcce tag-gaceta\">  \n  <div class=\"inner-wrap animated\">\n    <div class=\"post-content\">\n      <div class=\"article-content-wrap\">\n        <div class=\"post-featured-img-wrap\">\n          <a href=\"https:\/\/cirujanosesteticos.org\/en\/2023\/06\/21\/pronunciamiento-ante-el-aviso-sanitario-emitido-por-cofepris\/\" aria-label=\"Statement regarding the Health Notice issued by COFEPRIS\"><span class=\"post-featured-img\"><img loading=\"lazy\" decoding=\"async\" width=\"900\" height=\"600\" src=\"https:\/\/cirujanosesteticos.org\/wp-content\/uploads\/2023\/06\/Gaceta-3-900x600.jpg\" class=\"attachment-wide_photography size-wide_photography skip-lazy wp-post-image\" alt=\"\" title=\"\" sizes=\"auto, (min-width: 690px) 40vw, 100vw\" \/><\/span><\/a>          \n        <\/div>\n        <div class=\"post-content-wrap\">\n          <a class=\"entire-meta-link\" href=\"https:\/\/cirujanosesteticos.org\/en\/2023\/06\/21\/pronunciamiento-ante-el-aviso-sanitario-emitido-por-cofepris\/\"><span class=\"screen-reader-text\">Statement regarding the Health Notice issued by COFEPRIS<\/span><\/a>\n          <span class=\"meta-category\"><a class=\"gaceta\" href=\"https:\/\/cirujanosesteticos.org\/en\/category\/gaceta\/\">Gazette<\/a><\/span>          \n          <div class=\"post-header\">\n            <h3 class=\"title\"><a href=\"https:\/\/cirujanosesteticos.org\/en\/2023\/06\/21\/pronunciamiento-ante-el-aviso-sanitario-emitido-por-cofepris\/\"> Statement regarding the Health Notice issued by COFEPRIS<\/a><\/h3>\n          <\/div>\n          \n          <div class=\"excerpt\">Last June, a health advisory was issued to the general public, warning them about\u2026<\/div><div class=\"grav-wrap\"><a href=\"https:\/\/cirujanosesteticos.org\/en\/author\/admin\/\"><img alt='admin' src='https:\/\/secure.gravatar.com\/avatar\/807fef11845fed244d8c7e672f782d4a8c00a05f6e006aaf37b668a749729fe1?s=70&#038;d=mm&#038;r=g' srcset='https:\/\/secure.gravatar.com\/avatar\/807fef11845fed244d8c7e672f782d4a8c00a05f6e006aaf37b668a749729fe1?s=140&#038;d=mm&#038;r=g 2x' class='avatar avatar-70 photo' height='70' width='70' \/><\/a><div class=\"text\"><a href=\"https:\/\/cirujanosesteticos.org\/en\/author\/admin\/\" rel=\"author\">admin<\/a><span>June 21, 2023<\/span><\/div><\/div>        <\/div>\n      <\/div>\n    <\/div>\n  <\/div>\n<\/article>     \n     \n<article id=\"post-1313\" class=\"post-1313 post type-post status-publish format-standard has-post-thumbnail category-gaceta tag-comcce tag-gaceta tag-secretario-de-salud\">  \n  <div class=\"inner-wrap animated\">\n    <div class=\"post-content\">\n      <div class=\"article-content-wrap\">\n        <div class=\"post-featured-img-wrap\">\n          <a href=\"https:\/\/cirujanosesteticos.org\/en\/2023\/05\/29\/reunion-con-el-secretario-de-salud\/\" aria-label=\"Meeting with the Secretary of Health\"><span class=\"post-featured-img\"><img loading=\"lazy\" decoding=\"async\" width=\"900\" height=\"600\" src=\"https:\/\/cirujanosesteticos.org\/wp-content\/uploads\/2023\/05\/Foto-1a-900x600.jpg\" class=\"attachment-wide_photography size-wide_photography skip-lazy wp-post-image\" alt=\"\" title=\"\" sizes=\"auto, (min-width: 690px) 40vw, 100vw\" srcset=\"https:\/\/cirujanosesteticos.org\/wp-content\/uploads\/2023\/05\/Foto-1a-900x600.jpg 900w, https:\/\/cirujanosesteticos.org\/wp-content\/uploads\/2023\/05\/Foto-1a-600x400.jpg 600w, https:\/\/cirujanosesteticos.org\/wp-content\/uploads\/2023\/05\/Foto-1a-300x200.jpg 300w, https:\/\/cirujanosesteticos.org\/wp-content\/uploads\/2023\/05\/Foto-1a-1024x683.jpg 1024w, https:\/\/cirujanosesteticos.org\/wp-content\/uploads\/2023\/05\/Foto-1a-768x512.jpg 768w, https:\/\/cirujanosesteticos.org\/wp-content\/uploads\/2023\/05\/Foto-1a-1536x1024.jpg 1536w, https:\/\/cirujanosesteticos.org\/wp-content\/uploads\/2023\/05\/Foto-1a.jpg 1600w\" \/><\/span><\/a>          \n        <\/div>\n        <div class=\"post-content-wrap\">\n          <a class=\"entire-meta-link\" href=\"https:\/\/cirujanosesteticos.org\/en\/2023\/05\/29\/reunion-con-el-secretario-de-salud\/\"><span class=\"screen-reader-text\">Meeting with the Secretary of Health<\/span><\/a>\n          <span class=\"meta-category\"><a class=\"gaceta\" href=\"https:\/\/cirujanosesteticos.org\/en\/category\/gaceta\/\">Gazette<\/a><\/span>          \n          <div class=\"post-header\">\n            <h3 class=\"title\"><a href=\"https:\/\/cirujanosesteticos.org\/en\/2023\/05\/29\/reunion-con-el-secretario-de-salud\/\"> Meeting with the Secretary of Health<\/a><\/h3>\n          <\/div>\n          \n          <div class=\"excerpt\">Last May, a meeting was held with the Secretary of Health\u2026<\/div><div class=\"grav-wrap\"><a href=\"https:\/\/cirujanosesteticos.org\/en\/author\/admin\/\"><img alt='admin' src='https:\/\/secure.gravatar.com\/avatar\/807fef11845fed244d8c7e672f782d4a8c00a05f6e006aaf37b668a749729fe1?s=70&#038;d=mm&#038;r=g' srcset='https:\/\/secure.gravatar.com\/avatar\/807fef11845fed244d8c7e672f782d4a8c00a05f6e006aaf37b668a749729fe1?s=140&#038;d=mm&#038;r=g 2x' class='avatar avatar-70 photo' height='70' width='70' \/><\/a><div class=\"text\"><a href=\"https:\/\/cirujanosesteticos.org\/en\/author\/admin\/\" rel=\"author\">admin<\/a><span>May 29, 2023<\/span><\/div><\/div>        <\/div>\n      <\/div>\n    <\/div>\n  <\/div>\n<\/article>     \n     \n<article id=\"post-1306\" class=\"post-1306 post type-post status-publish format-standard has-post-thumbnail category-gaceta tag-comcce tag-gaceta tag-mesa-directiva\">  \n  <div class=\"inner-wrap animated\">\n    <div class=\"post-content\">\n      <div class=\"article-content-wrap\">\n        <div class=\"post-featured-img-wrap\">\n          <a href=\"https:\/\/cirujanosesteticos.org\/en\/2023\/05\/26\/se-consolida-el-comcce\/\" aria-label=\"COMCCE is consolidated\"><span class=\"post-featured-img\"><img loading=\"lazy\" decoding=\"async\" width=\"900\" height=\"600\" src=\"https:\/\/cirujanosesteticos.org\/wp-content\/uploads\/2023\/10\/Foto-2-900x600.jpg\" class=\"attachment-wide_photography size-wide_photography skip-lazy wp-post-image\" alt=\"\" title=\"\" sizes=\"auto, (min-width: 690px) 40vw, 100vw\" \/><\/span><\/a>          \n        <\/div>\n        <div class=\"post-content-wrap\">\n          <a class=\"entire-meta-link\" href=\"https:\/\/cirujanosesteticos.org\/en\/2023\/05\/26\/se-consolida-el-comcce\/\"><span class=\"screen-reader-text\">COMCCE is consolidated<\/span><\/a>\n          <span class=\"meta-category\"><a class=\"gaceta\" href=\"https:\/\/cirujanosesteticos.org\/en\/category\/gaceta\/\">Gazette<\/a><\/span>          \n          <div class=\"post-header\">\n            <h3 class=\"title\"><a href=\"https:\/\/cirujanosesteticos.org\/en\/2023\/05\/26\/se-consolida-el-comcce\/\"> COMCCE is consolidated<\/a><\/h3>\n          <\/div>\n          \n          <div class=\"excerpt\">On May 26th, in the city of Ensenada, Baja California, the\u2026<\/div><div class=\"grav-wrap\"><a href=\"https:\/\/cirujanosesteticos.org\/en\/author\/admin\/\"><img alt='admin' src='https:\/\/secure.gravatar.com\/avatar\/807fef11845fed244d8c7e672f782d4a8c00a05f6e006aaf37b668a749729fe1?s=70&#038;d=mm&#038;r=g' srcset='https:\/\/secure.gravatar.com\/avatar\/807fef11845fed244d8c7e672f782d4a8c00a05f6e006aaf37b668a749729fe1?s=140&#038;d=mm&#038;r=g 2x' class='avatar avatar-70 photo' height='70' width='70' \/><\/a><div class=\"text\"><a href=\"https:\/\/cirujanosesteticos.org\/en\/author\/admin\/\" rel=\"author\">admin<\/a><span>May 26, 2023<\/span><\/div><\/div>        <\/div>\n      <\/div>\n    <\/div>\n  <\/div>\n<\/article>    \n    <\/div><!--\/posts container-->\n    \n      \n<\/div><!--\/post area-->\n\n  \n\n<\/div>\n\n\n\t\t\t<\/div> \n\t\t<\/div>\n\t<\/div> \n<\/div><\/div>","protected":false},"excerpt":{"rendered":"El pasado 26 de Mayo, en la ciudad de Ensenada B.C. se constituy\u00f3 formalmente el Consejo Mexicano Certificador en Cirug\u00eda Est\u00e9tica A.C. (COMCCE). Durante la reuni\u00f3n la Mesa directiva procedi\u00f3...","protected":false},"author":1,"featured_media":0,"parent":0,"menu_order":0,"comment_status":"closed","ping_status":"closed","template":"","meta":{"footnotes":""},"class_list":["post-1283","page","type-page","status-publish"],"yoast_head":"<!-- This site is optimized with the Yoast SEO plugin v27.6 - https:\/\/yoast.com\/product\/yoast-seo-wordpress\/ -->\n<title>Gaceta - COMCCE, Consejo Mexicano Certificador de Cirug\u00eda Est\u00e9tica<\/title>\n<meta name=\"robots\" content=\"index, follow, max-snippet:-1, max-image-preview:large, max-video-preview:-1\" \/>\n<link rel=\"canonical\" href=\"https:\/\/cirujanosesteticos.org\/en\/gaceta\/\" \/>\n<meta property=\"og:locale\" content=\"en_US\" \/>\n<meta property=\"og:type\" content=\"article\" \/>\n<meta property=\"og:title\" content=\"Gaceta - COMCCE, Consejo Mexicano Certificador de Cirug\u00eda Est\u00e9tica\" \/>\n<meta property=\"og:url\" content=\"https:\/\/cirujanosesteticos.org\/en\/gaceta\/\" \/>\n<meta property=\"og:site_name\" content=\"COMCCE, Consejo Mexicano Certificador de Cirug\u00eda Est\u00e9tica\" \/>\n<meta property=\"article:modified_time\" content=\"2023-10-05T18:39:05+00:00\" \/>\n<meta name=\"twitter:card\" content=\"summary_large_image\" \/>\n<meta name=\"twitter:label1\" content=\"Est. reading time\" \/>\n\t<meta name=\"twitter:data1\" content=\"1 minute\" \/>\n<script type=\"application\/ld+json\" class=\"yoast-schema-graph\">{\"@context\":\"https:\\\/\\\/schema.org\",\"@graph\":[{\"@type\":\"WebPage\",\"@id\":\"https:\\\/\\\/cirujanosesteticos.org\\\/gaceta\\\/\",\"url\":\"https:\\\/\\\/cirujanosesteticos.org\\\/gaceta\\\/\",\"name\":\"Gaceta - COMCCE, Consejo Mexicano Certificador de Cirug\u00eda Est\u00e9tica\",\"isPartOf\":{\"@id\":\"https:\\\/\\\/cirujanosesteticos.org\\\/#website\"},\"datePublished\":\"2023-10-03T21:02:24+00:00\",\"dateModified\":\"2023-10-05T18:39:05+00:00\",\"breadcrumb\":{\"@id\":\"https:\\\/\\\/cirujanosesteticos.org\\\/gaceta\\\/#breadcrumb\"},\"inLanguage\":\"en-US\",\"potentialAction\":[{\"@type\":\"ReadAction\",\"target\":[\"https:\\\/\\\/cirujanosesteticos.org\\\/gaceta\\\/\"]}]},{\"@type\":\"BreadcrumbList\",\"@id\":\"https:\\\/\\\/cirujanosesteticos.org\\\/gaceta\\\/#breadcrumb\",\"itemListElement\":[{\"@type\":\"ListItem\",\"position\":1,\"name\":\"Portada\",\"item\":\"https:\\\/\\\/cirujanosesteticos.org\\\/\"},{\"@type\":\"ListItem\",\"position\":2,\"name\":\"Gaceta\"}]},{\"@type\":\"WebSite\",\"@id\":\"https:\\\/\\\/cirujanosesteticos.org\\\/#website\",\"url\":\"https:\\\/\\\/cirujanosesteticos.org\\\/\",\"name\":\"COMCCE, Consejo Mexicano Certificador de Cirug\u00eda Est\u00e9tica\",\"description\":\"Cirujano estetico Tijuana, Cirugia Estetica Tijuana, tijuana cosmetic surgery, tijuana plastic surgery\",\"potentialAction\":[{\"@type\":\"SearchAction\",\"target\":{\"@type\":\"EntryPoint\",\"urlTemplate\":\"https:\\\/\\\/cirujanosesteticos.org\\\/?s={search_term_string}\"},\"query-input\":{\"@type\":\"PropertyValueSpecification\",\"valueRequired\":true,\"valueName\":\"search_term_string\"}}],\"inLanguage\":\"en-US\"}]}<\/script>\n<!-- \/ Yoast SEO plugin. -->","yoast_head_json":{"title":"Gaceta - COMCCE, Consejo Mexicano Certificador de Cirug\u00eda Est\u00e9tica","robots":{"index":"index","follow":"follow","max-snippet":"max-snippet:-1","max-image-preview":"max-image-preview:large","max-video-preview":"max-video-preview:-1"},"canonical":"https:\/\/cirujanosesteticos.org\/en\/gaceta\/","og_locale":"en_US","og_type":"article","og_title":"Gaceta - COMCCE, Consejo Mexicano Certificador de Cirug\u00eda Est\u00e9tica","og_url":"https:\/\/cirujanosesteticos.org\/en\/gaceta\/","og_site_name":"COMCCE, Consejo Mexicano Certificador de Cirug\u00eda Est\u00e9tica","article_modified_time":"2023-10-05T18:39:05+00:00","twitter_card":"summary_large_image","twitter_misc":{"Est. reading time":"1 minute"},"schema":{"@context":"https:\/\/schema.org","@graph":[{"@type":"WebPage","@id":"https:\/\/cirujanosesteticos.org\/gaceta\/","url":"https:\/\/cirujanosesteticos.org\/gaceta\/","name":"Gaceta - COMCCE, Consejo Mexicano Certificador de Cirug\u00eda Est\u00e9tica","isPartOf":{"@id":"https:\/\/cirujanosesteticos.org\/#website"},"datePublished":"2023-10-03T21:02:24+00:00","dateModified":"2023-10-05T18:39:05+00:00","breadcrumb":{"@id":"https:\/\/cirujanosesteticos.org\/gaceta\/#breadcrumb"},"inLanguage":"en-US","potentialAction":[{"@type":"ReadAction","target":["https:\/\/cirujanosesteticos.org\/gaceta\/"]}]},{"@type":"BreadcrumbList","@id":"https:\/\/cirujanosesteticos.org\/gaceta\/#breadcrumb","itemListElement":[{"@type":"ListItem","position":1,"name":"Portada","item":"https:\/\/cirujanosesteticos.org\/"},{"@type":"ListItem","position":2,"name":"Gaceta"}]},{"@type":"WebSite","@id":"https:\/\/cirujanosesteticos.org\/#website","url":"https:\/\/cirujanosesteticos.org\/","name":"COMCCE, Consejo Mexicano Certificador de Cirug\u00eda Est\u00e9tica","description":"Cirujano estetico Tijuana, Cirugia Estetica Tijuana, tijuana cosmetic surgery, tijuana plastic surgery","potentialAction":[{"@type":"SearchAction","target":{"@type":"EntryPoint","urlTemplate":"https:\/\/cirujanosesteticos.org\/?s={search_term_string}"},"query-input":{"@type":"PropertyValueSpecification","valueRequired":true,"valueName":"search_term_string"}}],"inLanguage":"en-US"}]}},"_links":{"self":[{"href":"https:\/\/cirujanosesteticos.org\/en\/wp-json\/wp\/v2\/pages\/1283","targetHints":{"allow":["GET"]}}],"collection":[{"href":"https:\/\/cirujanosesteticos.org\/en\/wp-json\/wp\/v2\/pages"}],"about":[{"href":"https:\/\/cirujanosesteticos.org\/en\/wp-json\/wp\/v2\/types\/page"}],"author":[{"embeddable":true,"href":"https:\/\/cirujanosesteticos.org\/en\/wp-json\/wp\/v2\/users\/1"}],"replies":[{"embeddable":true,"href":"https:\/\/cirujanosesteticos.org\/en\/wp-json\/wp\/v2\/comments?post=1283"}],"version-history":[{"count":2,"href":"https:\/\/cirujanosesteticos.org\/en\/wp-json\/wp\/v2\/pages\/1283\/revisions"}],"predecessor-version":[{"id":1312,"href":"https:\/\/cirujanosesteticos.org\/en\/wp-json\/wp\/v2\/pages\/1283\/revisions\/1312"}],"wp:attachment":[{"href":"https:\/\/cirujanosesteticos.org\/en\/wp-json\/wp\/v2\/media?parent=1283"}],"curies":[{"name":"wp","href":"https:\/\/api.w.org\/{rel}","templated":true}]}}