{"id":1177,"date":"2023-08-15T01:07:52","date_gmt":"2023-08-15T01:07:52","guid":{"rendered":"https:\/\/cirujanosesteticos.org\/?page_id=1177"},"modified":"2023-08-15T01:07:52","modified_gmt":"2023-08-15T01:07:52","slug":"manual-de-procedimientos","status":"publish","type":"page","link":"https:\/\/cirujanosesteticos.org\/en\/manual-de-procedimientos\/","title":{"rendered":"Procedures Manual"},"content":{"rendered":"<h2 style=\"text-align: justify;\">Procedures Manual<\/h2>\n<p style=\"text-align: justify;\">Part of our Council's work is to provide physicians with the guidelines and surgical practice standards included in the following procedures manual. This covers the most frequently requested areas in cosmetic surgery, and the intention is to standardize each procedure to ensure that every patient receives care under the highest safety and quality standards.<\/p>\n<p style=\"text-align: justify;\"><a href=\"https:\/\/cirujanosesteticos.org\/wp-content\/uploads\/2023\/08\/MANUAL-DE-PROCEDIMIENTOS-COMCCE.pdf\">Download the full PDF here.<\/a><\/p>\n<p>&nbsp;<\/p>","protected":false},"excerpt":{"rendered":"<p>Manual de Procedimientos Parte del trabajo de nuestro Consejo es brindar a los m\u00e9dicos los lineamientos y las gu\u00edas de practica quir\u00fargica que son incluidos en el siguiente manual de&#8230;<\/p>","protected":false},"author":1,"featured_media":0,"parent":0,"menu_order":0,"comment_status":"closed","ping_status":"closed","template":"","meta":{"footnotes":""},"class_list":["post-1177","page","type-page","status-publish"],"yoast_head":"<!-- This site is optimized with the Yoast SEO plugin v27.6 - https:\/\/yoast.com\/product\/yoast-seo-wordpress\/ -->\n<title>Manual de Procedimientos - COMCCE, Consejo Mexicano Certificador de Cirug\u00eda Est\u00e9tica<\/title>\n<meta name=\"robots\" content=\"index, follow, max-snippet:-1, max-image-preview:large, max-video-preview:-1\" \/>\n<link rel=\"canonical\" href=\"https:\/\/cirujanosesteticos.org\/en\/manual-de-procedimientos\/\" \/>\n<meta property=\"og:locale\" content=\"en_US\" \/>\n<meta property=\"og:type\" content=\"article\" \/>\n<meta property=\"og:title\" content=\"Manual de Procedimientos - COMCCE, Consejo Mexicano Certificador de Cirug\u00eda Est\u00e9tica\" \/>\n<meta property=\"og:description\" content=\"Manual de Procedimientos Parte del trabajo de nuestro Consejo es brindar a los m\u00e9dicos los lineamientos y las gu\u00edas de practica quir\u00fargica que son incluidos en el siguiente manual de...\" \/>\n<meta property=\"og:url\" content=\"https:\/\/cirujanosesteticos.org\/en\/manual-de-procedimientos\/\" \/>\n<meta property=\"og:site_name\" content=\"COMCCE, Consejo Mexicano Certificador de Cirug\u00eda Est\u00e9tica\" \/>\n<meta name=\"twitter:card\" content=\"summary_large_image\" \/>\n<script type=\"application\/ld+json\" class=\"yoast-schema-graph\">{\"@context\":\"https:\\\/\\\/schema.org\",\"@graph\":[{\"@type\":\"WebPage\",\"@id\":\"https:\\\/\\\/cirujanosesteticos.org\\\/manual-de-procedimientos\\\/\",\"url\":\"https:\\\/\\\/cirujanosesteticos.org\\\/manual-de-procedimientos\\\/\",\"name\":\"Manual de Procedimientos - COMCCE, Consejo Mexicano Certificador de Cirug\u00eda Est\u00e9tica\",\"isPartOf\":{\"@id\":\"https:\\\/\\\/cirujanosesteticos.org\\\/#website\"},\"datePublished\":\"2023-08-15T01:07:52+00:00\",\"breadcrumb\":{\"@id\":\"https:\\\/\\\/cirujanosesteticos.org\\\/manual-de-procedimientos\\\/#breadcrumb\"},\"inLanguage\":\"en-US\",\"potentialAction\":[{\"@type\":\"ReadAction\",\"target\":[\"https:\\\/\\\/cirujanosesteticos.org\\\/manual-de-procedimientos\\\/\"]}]},{\"@type\":\"BreadcrumbList\",\"@id\":\"https:\\\/\\\/cirujanosesteticos.org\\\/manual-de-procedimientos\\\/#breadcrumb\",\"itemListElement\":[{\"@type\":\"ListItem\",\"position\":1,\"name\":\"Portada\",\"item\":\"https:\\\/\\\/cirujanosesteticos.org\\\/\"},{\"@type\":\"ListItem\",\"position\":2,\"name\":\"Manual de Procedimientos\"}]},{\"@type\":\"WebSite\",\"@id\":\"https:\\\/\\\/cirujanosesteticos.org\\\/#website\",\"url\":\"https:\\\/\\\/cirujanosesteticos.org\\\/\",\"name\":\"COMCCE, Consejo Mexicano Certificador de Cirug\u00eda Est\u00e9tica\",\"description\":\"Cirujano estetico Tijuana, Cirugia Estetica Tijuana, tijuana cosmetic surgery, tijuana plastic surgery\",\"potentialAction\":[{\"@type\":\"SearchAction\",\"target\":{\"@type\":\"EntryPoint\",\"urlTemplate\":\"https:\\\/\\\/cirujanosesteticos.org\\\/?s={search_term_string}\"},\"query-input\":{\"@type\":\"PropertyValueSpecification\",\"valueRequired\":true,\"valueName\":\"search_term_string\"}}],\"inLanguage\":\"en-US\"}]}<\/script>\n<!-- \/ Yoast SEO plugin. -->","yoast_head_json":{"title":"Manual de Procedimientos - COMCCE, Consejo Mexicano Certificador de Cirug\u00eda Est\u00e9tica","robots":{"index":"index","follow":"follow","max-snippet":"max-snippet:-1","max-image-preview":"max-image-preview:large","max-video-preview":"max-video-preview:-1"},"canonical":"https:\/\/cirujanosesteticos.org\/en\/manual-de-procedimientos\/","og_locale":"en_US","og_type":"article","og_title":"Manual de Procedimientos - COMCCE, Consejo Mexicano Certificador de Cirug\u00eda Est\u00e9tica","og_description":"Manual de Procedimientos Parte del trabajo de nuestro Consejo es brindar a los m\u00e9dicos los lineamientos y las gu\u00edas de practica quir\u00fargica que son incluidos en el siguiente manual de...","og_url":"https:\/\/cirujanosesteticos.org\/en\/manual-de-procedimientos\/","og_site_name":"COMCCE, Consejo Mexicano Certificador de Cirug\u00eda Est\u00e9tica","twitter_card":"summary_large_image","schema":{"@context":"https:\/\/schema.org","@graph":[{"@type":"WebPage","@id":"https:\/\/cirujanosesteticos.org\/manual-de-procedimientos\/","url":"https:\/\/cirujanosesteticos.org\/manual-de-procedimientos\/","name":"Manual de Procedimientos - COMCCE, Consejo Mexicano Certificador de Cirug\u00eda Est\u00e9tica","isPartOf":{"@id":"https:\/\/cirujanosesteticos.org\/#website"},"datePublished":"2023-08-15T01:07:52+00:00","breadcrumb":{"@id":"https:\/\/cirujanosesteticos.org\/manual-de-procedimientos\/#breadcrumb"},"inLanguage":"en-US","potentialAction":[{"@type":"ReadAction","target":["https:\/\/cirujanosesteticos.org\/manual-de-procedimientos\/"]}]},{"@type":"BreadcrumbList","@id":"https:\/\/cirujanosesteticos.org\/manual-de-procedimientos\/#breadcrumb","itemListElement":[{"@type":"ListItem","position":1,"name":"Portada","item":"https:\/\/cirujanosesteticos.org\/"},{"@type":"ListItem","position":2,"name":"Manual de Procedimientos"}]},{"@type":"WebSite","@id":"https:\/\/cirujanosesteticos.org\/#website","url":"https:\/\/cirujanosesteticos.org\/","name":"COMCCE, Consejo Mexicano Certificador de Cirug\u00eda Est\u00e9tica","description":"Cirujano estetico Tijuana, Cirugia Estetica Tijuana, tijuana cosmetic surgery, tijuana plastic surgery","potentialAction":[{"@type":"SearchAction","target":{"@type":"EntryPoint","urlTemplate":"https:\/\/cirujanosesteticos.org\/?s={search_term_string}"},"query-input":{"@type":"PropertyValueSpecification","valueRequired":true,"valueName":"search_term_string"}}],"inLanguage":"en-US"}]}},"_links":{"self":[{"href":"https:\/\/cirujanosesteticos.org\/en\/wp-json\/wp\/v2\/pages\/1177","targetHints":{"allow":["GET"]}}],"collection":[{"href":"https:\/\/cirujanosesteticos.org\/en\/wp-json\/wp\/v2\/pages"}],"about":[{"href":"https:\/\/cirujanosesteticos.org\/en\/wp-json\/wp\/v2\/types\/page"}],"author":[{"embeddable":true,"href":"https:\/\/cirujanosesteticos.org\/en\/wp-json\/wp\/v2\/users\/1"}],"replies":[{"embeddable":true,"href":"https:\/\/cirujanosesteticos.org\/en\/wp-json\/wp\/v2\/comments?post=1177"}],"version-history":[{"count":2,"href":"https:\/\/cirujanosesteticos.org\/en\/wp-json\/wp\/v2\/pages\/1177\/revisions"}],"predecessor-version":[{"id":1182,"href":"https:\/\/cirujanosesteticos.org\/en\/wp-json\/wp\/v2\/pages\/1177\/revisions\/1182"}],"wp:attachment":[{"href":"https:\/\/cirujanosesteticos.org\/en\/wp-json\/wp\/v2\/media?parent=1177"}],"curies":[{"name":"wp","href":"https:\/\/api.w.org\/{rel}","templated":true}]}}