{"id":1109,"date":"2023-08-14T17:45:38","date_gmt":"2023-08-14T17:45:38","guid":{"rendered":"https:\/\/cirujanosesteticos.org\/?page_id=1109"},"modified":"2024-02-29T17:27:54","modified_gmt":"2024-02-29T17:27:54","slug":"certificate","status":"publish","type":"page","link":"https:\/\/cirujanosesteticos.org\/en\/certificate\/","title":{"rendered":"Get certified"},"content":{"rendered":"<div id=\"fws_6a09edb29b3ba\"  data-column-margin=\"default\" data-midnight=\"dark\"  class=\"wpb_row vc_row-fluid vc_row\"  style=\"padding-top: 0px; padding-bottom: 0px; \"><div class=\"row-bg-wrap\" data-bg-animation=\"none\" data-bg-animation-delay=\"\" data-bg-overlay=\"false\"><div class=\"inner-wrap row-bg-layer\" ><div class=\"row-bg viewport-desktop\"  style=\"\"><\/div><\/div><\/div><div class=\"row_col_wrap_12 col span_12 dark left\">\n\t<div  class=\"vc_col-sm-6 wpb_column column_container vc_column_container col no-extra-padding inherit_tablet inherit_phone\"  data-padding-pos=\"all\" data-has-bg-color=\"false\" data-bg-color=\"\" data-bg-opacity=\"1\" data-animation=\"\" data-delay=\"0\" >\n\t\t<div class=\"vc_column-inner\" >\n\t\t\t<div class=\"wpb_wrapper\">\n\t\t\t\t\n<div class=\"wpb_text_column wpb_content_element\" >\n\t<h2 style=\"text-align: justify;\"><strong>GET CERTIFIED<\/strong><\/h2>\n<p><strong>For the first time:<\/strong><\/p>\n<p>Certification options for cosmetic surgeons who have completed their studies and are seeking certification from the Mexican Council for the Certification of Cosmetic Surgery.<\/p>\n<p>Examen de certificaci\u00f3n que es v\u00e1lido para los Cirujanos Est\u00e9ticos que\u00a0han\u00a0terminado su postgrado, avalando sus conocimientos, destrezas y a\u00f1os de\u00a0estudios para poder ejercer como\u00a0Cirujanos Est\u00e9ticos CERTIFICADOS.<\/p>\n<p>This exam is generally administered in person at three locations: Tijuana City, Mexico City, and Guadalajara.<\/p>\n<p><strong>Registration:<\/strong><\/p>\n<p>Open from December 1, 2023<\/p>\n<p><a href=\"https:\/\/cirujanosesteticos.org\/en\/inscripcion\/\">To get certified you need to become a member, access here.<\/a><\/p>\n<p><strong>Recertification:<\/strong><\/p>\n<p>These are options for renewing the COMCCE Certification for Cosmetic Surgeons who were initially certified, but whose certification has now expired.<\/p>\n<p><strong>Option for credits<\/strong>:<\/p>\n<ul>\n<li>Current Certification by credits<\/li>\n<li>It will be obtained through the minimum accreditation of 250 credits.<\/li>\n<li>Point-based homologation criteria according to CONACEM.<\/li>\n<li>Documentary evidence of said score must be gathered and sent to certificacion@cirujanosesteticos.org<\/li>\n<li>A payment of 15,000 MXN must be made to the COMCCE account.<\/li>\n<\/ul>\n<\/div>\n\n\n\n\n\t\t\t<\/div> \n\t\t<\/div>\n\t<\/div> \n\n\t<div  class=\"vc_col-sm-6 wpb_column column_container vc_column_container col no-extra-padding inherit_tablet inherit_phone\"  data-padding-pos=\"all\" data-has-bg-color=\"false\" data-bg-color=\"\" data-bg-opacity=\"1\" data-animation=\"\" data-delay=\"0\" >\n\t\t<div class=\"vc_column-inner\" >\n\t\t\t<div class=\"wpb_wrapper\">\n\t\t\t\t\n<div class=\"wpb_text_column wpb_content_element\" >\n\t<p><strong>Exam option:<\/strong><\/p>\n<p>The exam and process are repeated as if it were the first time.<\/p>\n<p><strong>Special Certification Exam:<\/strong><\/p>\n<p>Special Certification Examination modality which can be taken by those Cosmetic Surgeons who have more than\u00a0<strong>15 years since graduating from his postgraduate course recognized by COMCCE.<\/strong><\/p>\n<p><strong>This Certification exam is conducted orally.<\/strong>, covering all areas of Cosmetic Surgery that are included in the Curriculum of Postgraduate Study Centers.<\/p>\n<p>A payment of 15,000 MXN must be made to the COMCCE account.<\/p>\n<\/div>\n\n\n\n\n\t\t\t<\/div> \n\t\t<\/div>\n\t<\/div> \n<\/div><\/div>","protected":false},"excerpt":{"rendered":"CERT\u00cdFICATE Por primera vez: Opciones de Certificaci\u00f3n para Cirujanos Est\u00e9ticos que finalizaron sus estudios y\u00a0buscan Certificarse por el Consejo Mexicano Certificador de Cirug\u00eda Est\u00e9tica. Examen de certificaci\u00f3n que es v\u00e1lido...","protected":false},"author":1,"featured_media":0,"parent":0,"menu_order":0,"comment_status":"closed","ping_status":"closed","template":"","meta":{"footnotes":""},"class_list":["post-1109","page","type-page","status-publish"],"yoast_head":"<!-- This site is optimized with the Yoast SEO plugin v27.6 - https:\/\/yoast.com\/product\/yoast-seo-wordpress\/ -->\n<title>Certif\u00edcate - COMCCE, Consejo Mexicano Certificador de Cirug\u00eda Est\u00e9tica<\/title>\n<meta name=\"robots\" content=\"index, follow, max-snippet:-1, max-image-preview:large, max-video-preview:-1\" \/>\n<link rel=\"canonical\" href=\"https:\/\/cirujanosesteticos.org\/en\/certificate\/\" \/>\n<meta property=\"og:locale\" content=\"en_US\" \/>\n<meta property=\"og:type\" content=\"article\" \/>\n<meta property=\"og:title\" content=\"Certif\u00edcate - COMCCE, Consejo Mexicano Certificador de Cirug\u00eda Est\u00e9tica\" \/>\n<meta property=\"og:url\" content=\"https:\/\/cirujanosesteticos.org\/en\/certificate\/\" \/>\n<meta property=\"og:site_name\" content=\"COMCCE, Consejo Mexicano Certificador de Cirug\u00eda Est\u00e9tica\" \/>\n<meta property=\"article:modified_time\" content=\"2024-02-29T17:27:54+00:00\" \/>\n<meta name=\"twitter:card\" content=\"summary_large_image\" \/>\n<meta name=\"twitter:label1\" content=\"Est. reading time\" \/>\n\t<meta name=\"twitter:data1\" content=\"2 minutes\" \/>\n<script type=\"application\/ld+json\" class=\"yoast-schema-graph\">{\"@context\":\"https:\\\/\\\/schema.org\",\"@graph\":[{\"@type\":\"WebPage\",\"@id\":\"https:\\\/\\\/cirujanosesteticos.org\\\/certificate\\\/\",\"url\":\"https:\\\/\\\/cirujanosesteticos.org\\\/certificate\\\/\",\"name\":\"Certif\u00edcate - COMCCE, Consejo Mexicano Certificador de Cirug\u00eda Est\u00e9tica\",\"isPartOf\":{\"@id\":\"https:\\\/\\\/cirujanosesteticos.org\\\/#website\"},\"datePublished\":\"2023-08-14T17:45:38+00:00\",\"dateModified\":\"2024-02-29T17:27:54+00:00\",\"breadcrumb\":{\"@id\":\"https:\\\/\\\/cirujanosesteticos.org\\\/certificate\\\/#breadcrumb\"},\"inLanguage\":\"en-US\",\"potentialAction\":[{\"@type\":\"ReadAction\",\"target\":[\"https:\\\/\\\/cirujanosesteticos.org\\\/certificate\\\/\"]}]},{\"@type\":\"BreadcrumbList\",\"@id\":\"https:\\\/\\\/cirujanosesteticos.org\\\/certificate\\\/#breadcrumb\",\"itemListElement\":[{\"@type\":\"ListItem\",\"position\":1,\"name\":\"Portada\",\"item\":\"https:\\\/\\\/cirujanosesteticos.org\\\/\"},{\"@type\":\"ListItem\",\"position\":2,\"name\":\"Certif\u00edcate\"}]},{\"@type\":\"WebSite\",\"@id\":\"https:\\\/\\\/cirujanosesteticos.org\\\/#website\",\"url\":\"https:\\\/\\\/cirujanosesteticos.org\\\/\",\"name\":\"COMCCE, Consejo Mexicano Certificador de Cirug\u00eda Est\u00e9tica\",\"description\":\"Cirujano estetico Tijuana, Cirugia Estetica Tijuana, tijuana cosmetic surgery, tijuana plastic surgery\",\"potentialAction\":[{\"@type\":\"SearchAction\",\"target\":{\"@type\":\"EntryPoint\",\"urlTemplate\":\"https:\\\/\\\/cirujanosesteticos.org\\\/?s={search_term_string}\"},\"query-input\":{\"@type\":\"PropertyValueSpecification\",\"valueRequired\":true,\"valueName\":\"search_term_string\"}}],\"inLanguage\":\"en-US\"}]}<\/script>\n<!-- \/ Yoast SEO plugin. -->","yoast_head_json":{"title":"Certif\u00edcate - COMCCE, Consejo Mexicano Certificador de Cirug\u00eda Est\u00e9tica","robots":{"index":"index","follow":"follow","max-snippet":"max-snippet:-1","max-image-preview":"max-image-preview:large","max-video-preview":"max-video-preview:-1"},"canonical":"https:\/\/cirujanosesteticos.org\/en\/certificate\/","og_locale":"en_US","og_type":"article","og_title":"Certif\u00edcate - COMCCE, Consejo Mexicano Certificador de Cirug\u00eda Est\u00e9tica","og_url":"https:\/\/cirujanosesteticos.org\/en\/certificate\/","og_site_name":"COMCCE, Consejo Mexicano Certificador de Cirug\u00eda Est\u00e9tica","article_modified_time":"2024-02-29T17:27:54+00:00","twitter_card":"summary_large_image","twitter_misc":{"Est. reading time":"2 minutes"},"schema":{"@context":"https:\/\/schema.org","@graph":[{"@type":"WebPage","@id":"https:\/\/cirujanosesteticos.org\/certificate\/","url":"https:\/\/cirujanosesteticos.org\/certificate\/","name":"Certif\u00edcate - COMCCE, Consejo Mexicano Certificador de Cirug\u00eda Est\u00e9tica","isPartOf":{"@id":"https:\/\/cirujanosesteticos.org\/#website"},"datePublished":"2023-08-14T17:45:38+00:00","dateModified":"2024-02-29T17:27:54+00:00","breadcrumb":{"@id":"https:\/\/cirujanosesteticos.org\/certificate\/#breadcrumb"},"inLanguage":"en-US","potentialAction":[{"@type":"ReadAction","target":["https:\/\/cirujanosesteticos.org\/certificate\/"]}]},{"@type":"BreadcrumbList","@id":"https:\/\/cirujanosesteticos.org\/certificate\/#breadcrumb","itemListElement":[{"@type":"ListItem","position":1,"name":"Portada","item":"https:\/\/cirujanosesteticos.org\/"},{"@type":"ListItem","position":2,"name":"Certif\u00edcate"}]},{"@type":"WebSite","@id":"https:\/\/cirujanosesteticos.org\/#website","url":"https:\/\/cirujanosesteticos.org\/","name":"COMCCE, Consejo Mexicano Certificador de Cirug\u00eda Est\u00e9tica","description":"Cirujano estetico Tijuana, Cirugia Estetica Tijuana, tijuana cosmetic surgery, tijuana plastic surgery","potentialAction":[{"@type":"SearchAction","target":{"@type":"EntryPoint","urlTemplate":"https:\/\/cirujanosesteticos.org\/?s={search_term_string}"},"query-input":{"@type":"PropertyValueSpecification","valueRequired":true,"valueName":"search_term_string"}}],"inLanguage":"en-US"}]}},"_links":{"self":[{"href":"https:\/\/cirujanosesteticos.org\/en\/wp-json\/wp\/v2\/pages\/1109","targetHints":{"allow":["GET"]}}],"collection":[{"href":"https:\/\/cirujanosesteticos.org\/en\/wp-json\/wp\/v2\/pages"}],"about":[{"href":"https:\/\/cirujanosesteticos.org\/en\/wp-json\/wp\/v2\/types\/page"}],"author":[{"embeddable":true,"href":"https:\/\/cirujanosesteticos.org\/en\/wp-json\/wp\/v2\/users\/1"}],"replies":[{"embeddable":true,"href":"https:\/\/cirujanosesteticos.org\/en\/wp-json\/wp\/v2\/comments?post=1109"}],"version-history":[{"count":11,"href":"https:\/\/cirujanosesteticos.org\/en\/wp-json\/wp\/v2\/pages\/1109\/revisions"}],"predecessor-version":[{"id":1505,"href":"https:\/\/cirujanosesteticos.org\/en\/wp-json\/wp\/v2\/pages\/1109\/revisions\/1505"}],"wp:attachment":[{"href":"https:\/\/cirujanosesteticos.org\/en\/wp-json\/wp\/v2\/media?parent=1109"}],"curies":[{"name":"wp","href":"https:\/\/api.w.org\/{rel}","templated":true}]}}