{"id":1095,"date":"2023-08-14T17:27:06","date_gmt":"2023-08-14T17:27:06","guid":{"rendered":"https:\/\/cirujanosesteticos.org\/?page_id=1095"},"modified":"2023-08-14T19:31:44","modified_gmt":"2023-08-14T19:31:44","slug":"codigo-de-etica","status":"publish","type":"page","link":"https:\/\/cirujanosesteticos.org\/en\/codigo-de-etica\/","title":{"rendered":"Code of Ethics"},"content":{"rendered":"<h2 style=\"text-align: justify;\">CODE OF ETHICS.<\/h2>\n<p style=\"text-align: justify;\">One of our greatest commitments is not only to offer certification to the doctors who join our group, but also indirectly to offer quality and compassionate services, backed by our professional ethics.<\/p>\n<p style=\"text-align: justify;\">We have a series of ethical guidelines, which our ethics committee is responsible for evaluating, monitoring and enforcing.<\/p>\n<p style=\"text-align: justify;\">\n<div class=\"wp-block-pdfemb-pdf-embedder-viewer\"><a href=\"https:\/\/cirujanosesteticos.org\/wp-content\/uploads\/2023\/08\/MANUAL-DEONTOLOGICO.pdf\" class=\"pdfemb-viewer\" style=\"\" data-width=\"max\" data-height=\"max\" data-toolbar=\"bottom\" data-toolbar-fixed=\"off\">MANUAL-DEONTOLOGICO<\/a><\/div>","protected":false},"excerpt":{"rendered":"<p>C\u00d3DIGO DE \u00c9TICA. Uno de nuestros m\u00e1s grandes compromisos es no solo ofrecer certificaci\u00f3n la certificaci\u00f3n a los m\u00e9dicos que se unen a nuestra agrupaci\u00f3n, sino indirectamente ofrecer servicios de&#8230;<\/p>","protected":false},"author":1,"featured_media":0,"parent":0,"menu_order":0,"comment_status":"closed","ping_status":"closed","template":"","meta":{"footnotes":""},"class_list":["post-1095","page","type-page","status-publish"],"yoast_head":"<!-- This site is optimized with the Yoast SEO plugin v27.6 - https:\/\/yoast.com\/product\/yoast-seo-wordpress\/ -->\n<title>C\u00f3digo de \u00c9tica - COMCCE, Consejo Mexicano Certificador de Cirug\u00eda Est\u00e9tica<\/title>\n<meta name=\"robots\" content=\"index, follow, max-snippet:-1, max-image-preview:large, max-video-preview:-1\" \/>\n<link rel=\"canonical\" href=\"https:\/\/cirujanosesteticos.org\/en\/codigo-de-etica\/\" \/>\n<meta property=\"og:locale\" content=\"en_US\" \/>\n<meta property=\"og:type\" content=\"article\" \/>\n<meta property=\"og:title\" content=\"C\u00f3digo de \u00c9tica - COMCCE, Consejo Mexicano Certificador de Cirug\u00eda Est\u00e9tica\" \/>\n<meta property=\"og:description\" content=\"C\u00d3DIGO DE \u00c9TICA. Uno de nuestros m\u00e1s grandes compromisos es no solo ofrecer certificaci\u00f3n la certificaci\u00f3n a los m\u00e9dicos que se unen a nuestra agrupaci\u00f3n, sino indirectamente ofrecer servicios de...\" \/>\n<meta property=\"og:url\" content=\"https:\/\/cirujanosesteticos.org\/en\/codigo-de-etica\/\" \/>\n<meta property=\"og:site_name\" content=\"COMCCE, Consejo Mexicano Certificador de Cirug\u00eda Est\u00e9tica\" \/>\n<meta property=\"article:modified_time\" content=\"2023-08-14T19:31:44+00:00\" \/>\n<meta name=\"twitter:card\" content=\"summary_large_image\" \/>\n<script type=\"application\/ld+json\" class=\"yoast-schema-graph\">{\"@context\":\"https:\\\/\\\/schema.org\",\"@graph\":[{\"@type\":\"WebPage\",\"@id\":\"https:\\\/\\\/cirujanosesteticos.org\\\/codigo-de-etica\\\/\",\"url\":\"https:\\\/\\\/cirujanosesteticos.org\\\/codigo-de-etica\\\/\",\"name\":\"C\u00f3digo de \u00c9tica - COMCCE, Consejo Mexicano Certificador de Cirug\u00eda Est\u00e9tica\",\"isPartOf\":{\"@id\":\"https:\\\/\\\/cirujanosesteticos.org\\\/#website\"},\"datePublished\":\"2023-08-14T17:27:06+00:00\",\"dateModified\":\"2023-08-14T19:31:44+00:00\",\"breadcrumb\":{\"@id\":\"https:\\\/\\\/cirujanosesteticos.org\\\/codigo-de-etica\\\/#breadcrumb\"},\"inLanguage\":\"en-US\",\"potentialAction\":[{\"@type\":\"ReadAction\",\"target\":[\"https:\\\/\\\/cirujanosesteticos.org\\\/codigo-de-etica\\\/\"]}]},{\"@type\":\"BreadcrumbList\",\"@id\":\"https:\\\/\\\/cirujanosesteticos.org\\\/codigo-de-etica\\\/#breadcrumb\",\"itemListElement\":[{\"@type\":\"ListItem\",\"position\":1,\"name\":\"Portada\",\"item\":\"https:\\\/\\\/cirujanosesteticos.org\\\/\"},{\"@type\":\"ListItem\",\"position\":2,\"name\":\"C\u00f3digo de \u00c9tica\"}]},{\"@type\":\"WebSite\",\"@id\":\"https:\\\/\\\/cirujanosesteticos.org\\\/#website\",\"url\":\"https:\\\/\\\/cirujanosesteticos.org\\\/\",\"name\":\"COMCCE, Consejo Mexicano Certificador de Cirug\u00eda Est\u00e9tica\",\"description\":\"Cirujano estetico Tijuana, Cirugia Estetica Tijuana, tijuana cosmetic surgery, tijuana plastic surgery\",\"potentialAction\":[{\"@type\":\"SearchAction\",\"target\":{\"@type\":\"EntryPoint\",\"urlTemplate\":\"https:\\\/\\\/cirujanosesteticos.org\\\/?s={search_term_string}\"},\"query-input\":{\"@type\":\"PropertyValueSpecification\",\"valueRequired\":true,\"valueName\":\"search_term_string\"}}],\"inLanguage\":\"en-US\"}]}<\/script>\n<!-- \/ Yoast SEO plugin. -->","yoast_head_json":{"title":"C\u00f3digo de \u00c9tica - COMCCE, Consejo Mexicano Certificador de Cirug\u00eda Est\u00e9tica","robots":{"index":"index","follow":"follow","max-snippet":"max-snippet:-1","max-image-preview":"max-image-preview:large","max-video-preview":"max-video-preview:-1"},"canonical":"https:\/\/cirujanosesteticos.org\/en\/codigo-de-etica\/","og_locale":"en_US","og_type":"article","og_title":"C\u00f3digo de \u00c9tica - COMCCE, Consejo Mexicano Certificador de Cirug\u00eda Est\u00e9tica","og_description":"C\u00d3DIGO DE \u00c9TICA. Uno de nuestros m\u00e1s grandes compromisos es no solo ofrecer certificaci\u00f3n la certificaci\u00f3n a los m\u00e9dicos que se unen a nuestra agrupaci\u00f3n, sino indirectamente ofrecer servicios de...","og_url":"https:\/\/cirujanosesteticos.org\/en\/codigo-de-etica\/","og_site_name":"COMCCE, Consejo Mexicano Certificador de Cirug\u00eda Est\u00e9tica","article_modified_time":"2023-08-14T19:31:44+00:00","twitter_card":"summary_large_image","schema":{"@context":"https:\/\/schema.org","@graph":[{"@type":"WebPage","@id":"https:\/\/cirujanosesteticos.org\/codigo-de-etica\/","url":"https:\/\/cirujanosesteticos.org\/codigo-de-etica\/","name":"C\u00f3digo de \u00c9tica - COMCCE, Consejo Mexicano Certificador de Cirug\u00eda Est\u00e9tica","isPartOf":{"@id":"https:\/\/cirujanosesteticos.org\/#website"},"datePublished":"2023-08-14T17:27:06+00:00","dateModified":"2023-08-14T19:31:44+00:00","breadcrumb":{"@id":"https:\/\/cirujanosesteticos.org\/codigo-de-etica\/#breadcrumb"},"inLanguage":"en-US","potentialAction":[{"@type":"ReadAction","target":["https:\/\/cirujanosesteticos.org\/codigo-de-etica\/"]}]},{"@type":"BreadcrumbList","@id":"https:\/\/cirujanosesteticos.org\/codigo-de-etica\/#breadcrumb","itemListElement":[{"@type":"ListItem","position":1,"name":"Portada","item":"https:\/\/cirujanosesteticos.org\/"},{"@type":"ListItem","position":2,"name":"C\u00f3digo de \u00c9tica"}]},{"@type":"WebSite","@id":"https:\/\/cirujanosesteticos.org\/#website","url":"https:\/\/cirujanosesteticos.org\/","name":"COMCCE, Consejo Mexicano Certificador de Cirug\u00eda Est\u00e9tica","description":"Cirujano estetico Tijuana, Cirugia Estetica Tijuana, tijuana cosmetic surgery, tijuana plastic surgery","potentialAction":[{"@type":"SearchAction","target":{"@type":"EntryPoint","urlTemplate":"https:\/\/cirujanosesteticos.org\/?s={search_term_string}"},"query-input":{"@type":"PropertyValueSpecification","valueRequired":true,"valueName":"search_term_string"}}],"inLanguage":"en-US"}]}},"_links":{"self":[{"href":"https:\/\/cirujanosesteticos.org\/en\/wp-json\/wp\/v2\/pages\/1095","targetHints":{"allow":["GET"]}}],"collection":[{"href":"https:\/\/cirujanosesteticos.org\/en\/wp-json\/wp\/v2\/pages"}],"about":[{"href":"https:\/\/cirujanosesteticos.org\/en\/wp-json\/wp\/v2\/types\/page"}],"author":[{"embeddable":true,"href":"https:\/\/cirujanosesteticos.org\/en\/wp-json\/wp\/v2\/users\/1"}],"replies":[{"embeddable":true,"href":"https:\/\/cirujanosesteticos.org\/en\/wp-json\/wp\/v2\/comments?post=1095"}],"version-history":[{"count":4,"href":"https:\/\/cirujanosesteticos.org\/en\/wp-json\/wp\/v2\/pages\/1095\/revisions"}],"predecessor-version":[{"id":1175,"href":"https:\/\/cirujanosesteticos.org\/en\/wp-json\/wp\/v2\/pages\/1095\/revisions\/1175"}],"wp:attachment":[{"href":"https:\/\/cirujanosesteticos.org\/en\/wp-json\/wp\/v2\/media?parent=1095"}],"curies":[{"name":"wp","href":"https:\/\/api.w.org\/{rel}","templated":true}]}}