{"id":1083,"date":"2023-08-14T17:13:10","date_gmt":"2023-08-14T17:13:10","guid":{"rendered":"https:\/\/cirujanosesteticos.org\/?page_id=1083"},"modified":"2023-08-14T19:30:04","modified_gmt":"2023-08-14T19:30:04","slug":"quienes-lo-integran","status":"publish","type":"page","link":"https:\/\/cirujanosesteticos.org\/en\/quienes-lo-integran\/","title":{"rendered":"Who are its members?"},"content":{"rendered":"<p><strong>President<\/strong><br \/>\nDra. Alma Torres Rodelo<\/p>\n<p><strong>Secretary<\/strong><br \/>\nDr. Jorge Isaac Trejo<\/p>\n<p><strong>Treasurer<\/strong><br \/>\nDr. Luis Alfredo S\u00e1enz Reyes<\/p>\n<p><strong>Ethics Committees<\/strong><br \/>\nDr. Joel Gonz\u00e1lez<br \/>\nDra. Sof\u00eda Nu\u00f1ez de la Rosa<br \/>\nDr. Hugo Armenta Aragon<\/p>\n<p><strong>Evaluation Committee<\/strong><br \/>\nDr. Raul Gongora Alejandre<br \/>\nDr. Renato Rodr\u00edguez Hirales<\/p>\n<p><strong>Website Committee<\/strong><br \/>\nDr. Jorge Cort\u00e9s<\/p>\n<p><strong> Resources Committee<\/strong><br \/>\nEarring<\/p>\n<p><a href=\"https:\/\/cirujanosesteticos.org\/wp-content\/uploads\/2023\/08\/ORGANIGRAMA.pdf\">Download the Council's Organizational Chart.<\/a><\/p>","protected":false},"excerpt":{"rendered":"<p>Presidente Dra. Alma Torres Rodelo Secretario Dr. Jorge Isaac Trejo Tesorero Dr. Luis Alfredo S\u00e1enz Reyes Comit\u00e9s \u00c9tica Dr. Joel Gonz\u00e1lez Dra. Sof\u00eda Nu\u00f1ez de la Rosa Dr. Hugo Armenta&#8230;<\/p>","protected":false},"author":1,"featured_media":0,"parent":0,"menu_order":0,"comment_status":"closed","ping_status":"closed","template":"","meta":{"footnotes":""},"class_list":["post-1083","page","type-page","status-publish"],"yoast_head":"<!-- This site is optimized with the Yoast SEO plugin v27.6 - https:\/\/yoast.com\/product\/yoast-seo-wordpress\/ -->\n<title>\u00bfQui\u00e9nes lo integran? - COMCCE, Consejo Mexicano Certificador de Cirug\u00eda Est\u00e9tica<\/title>\n<meta name=\"robots\" content=\"index, follow, max-snippet:-1, max-image-preview:large, max-video-preview:-1\" \/>\n<link rel=\"canonical\" href=\"https:\/\/cirujanosesteticos.org\/en\/quienes-lo-integran\/\" \/>\n<meta property=\"og:locale\" content=\"en_US\" \/>\n<meta property=\"og:type\" content=\"article\" \/>\n<meta property=\"og:title\" content=\"\u00bfQui\u00e9nes lo integran? - COMCCE, Consejo Mexicano Certificador de Cirug\u00eda Est\u00e9tica\" \/>\n<meta property=\"og:description\" content=\"Presidente Dra. Alma Torres Rodelo Secretario Dr. Jorge Isaac Trejo Tesorero Dr. Luis Alfredo S\u00e1enz Reyes Comit\u00e9s \u00c9tica Dr. Joel Gonz\u00e1lez Dra. Sof\u00eda Nu\u00f1ez de la Rosa Dr. Hugo Armenta...\" \/>\n<meta property=\"og:url\" content=\"https:\/\/cirujanosesteticos.org\/en\/quienes-lo-integran\/\" \/>\n<meta property=\"og:site_name\" content=\"COMCCE, Consejo Mexicano Certificador de Cirug\u00eda Est\u00e9tica\" \/>\n<meta property=\"article:modified_time\" content=\"2023-08-14T19:30:04+00:00\" \/>\n<meta name=\"twitter:card\" content=\"summary_large_image\" \/>\n<script type=\"application\/ld+json\" class=\"yoast-schema-graph\">{\"@context\":\"https:\\\/\\\/schema.org\",\"@graph\":[{\"@type\":\"WebPage\",\"@id\":\"https:\\\/\\\/cirujanosesteticos.org\\\/quienes-lo-integran\\\/\",\"url\":\"https:\\\/\\\/cirujanosesteticos.org\\\/quienes-lo-integran\\\/\",\"name\":\"\u00bfQui\u00e9nes lo integran? - COMCCE, Consejo Mexicano Certificador de Cirug\u00eda Est\u00e9tica\",\"isPartOf\":{\"@id\":\"https:\\\/\\\/cirujanosesteticos.org\\\/#website\"},\"datePublished\":\"2023-08-14T17:13:10+00:00\",\"dateModified\":\"2023-08-14T19:30:04+00:00\",\"breadcrumb\":{\"@id\":\"https:\\\/\\\/cirujanosesteticos.org\\\/quienes-lo-integran\\\/#breadcrumb\"},\"inLanguage\":\"en-US\",\"potentialAction\":[{\"@type\":\"ReadAction\",\"target\":[\"https:\\\/\\\/cirujanosesteticos.org\\\/quienes-lo-integran\\\/\"]}]},{\"@type\":\"BreadcrumbList\",\"@id\":\"https:\\\/\\\/cirujanosesteticos.org\\\/quienes-lo-integran\\\/#breadcrumb\",\"itemListElement\":[{\"@type\":\"ListItem\",\"position\":1,\"name\":\"Portada\",\"item\":\"https:\\\/\\\/cirujanosesteticos.org\\\/\"},{\"@type\":\"ListItem\",\"position\":2,\"name\":\"\u00bfQui\u00e9nes lo integran?\"}]},{\"@type\":\"WebSite\",\"@id\":\"https:\\\/\\\/cirujanosesteticos.org\\\/#website\",\"url\":\"https:\\\/\\\/cirujanosesteticos.org\\\/\",\"name\":\"COMCCE, Consejo Mexicano Certificador de Cirug\u00eda Est\u00e9tica\",\"description\":\"Cirujano estetico Tijuana, Cirugia Estetica Tijuana, tijuana cosmetic surgery, tijuana plastic surgery\",\"potentialAction\":[{\"@type\":\"SearchAction\",\"target\":{\"@type\":\"EntryPoint\",\"urlTemplate\":\"https:\\\/\\\/cirujanosesteticos.org\\\/?s={search_term_string}\"},\"query-input\":{\"@type\":\"PropertyValueSpecification\",\"valueRequired\":true,\"valueName\":\"search_term_string\"}}],\"inLanguage\":\"en-US\"}]}<\/script>\n<!-- \/ Yoast SEO plugin. -->","yoast_head_json":{"title":"\u00bfQui\u00e9nes lo integran? - COMCCE, Consejo Mexicano Certificador de Cirug\u00eda Est\u00e9tica","robots":{"index":"index","follow":"follow","max-snippet":"max-snippet:-1","max-image-preview":"max-image-preview:large","max-video-preview":"max-video-preview:-1"},"canonical":"https:\/\/cirujanosesteticos.org\/en\/quienes-lo-integran\/","og_locale":"en_US","og_type":"article","og_title":"\u00bfQui\u00e9nes lo integran? - COMCCE, Consejo Mexicano Certificador de Cirug\u00eda Est\u00e9tica","og_description":"Presidente Dra. Alma Torres Rodelo Secretario Dr. Jorge Isaac Trejo Tesorero Dr. Luis Alfredo S\u00e1enz Reyes Comit\u00e9s \u00c9tica Dr. Joel Gonz\u00e1lez Dra. Sof\u00eda Nu\u00f1ez de la Rosa Dr. Hugo Armenta...","og_url":"https:\/\/cirujanosesteticos.org\/en\/quienes-lo-integran\/","og_site_name":"COMCCE, Consejo Mexicano Certificador de Cirug\u00eda Est\u00e9tica","article_modified_time":"2023-08-14T19:30:04+00:00","twitter_card":"summary_large_image","schema":{"@context":"https:\/\/schema.org","@graph":[{"@type":"WebPage","@id":"https:\/\/cirujanosesteticos.org\/quienes-lo-integran\/","url":"https:\/\/cirujanosesteticos.org\/quienes-lo-integran\/","name":"\u00bfQui\u00e9nes lo integran? - COMCCE, Consejo Mexicano Certificador de Cirug\u00eda Est\u00e9tica","isPartOf":{"@id":"https:\/\/cirujanosesteticos.org\/#website"},"datePublished":"2023-08-14T17:13:10+00:00","dateModified":"2023-08-14T19:30:04+00:00","breadcrumb":{"@id":"https:\/\/cirujanosesteticos.org\/quienes-lo-integran\/#breadcrumb"},"inLanguage":"en-US","potentialAction":[{"@type":"ReadAction","target":["https:\/\/cirujanosesteticos.org\/quienes-lo-integran\/"]}]},{"@type":"BreadcrumbList","@id":"https:\/\/cirujanosesteticos.org\/quienes-lo-integran\/#breadcrumb","itemListElement":[{"@type":"ListItem","position":1,"name":"Portada","item":"https:\/\/cirujanosesteticos.org\/"},{"@type":"ListItem","position":2,"name":"\u00bfQui\u00e9nes lo integran?"}]},{"@type":"WebSite","@id":"https:\/\/cirujanosesteticos.org\/#website","url":"https:\/\/cirujanosesteticos.org\/","name":"COMCCE, Consejo Mexicano Certificador de Cirug\u00eda Est\u00e9tica","description":"Cirujano estetico Tijuana, Cirugia Estetica Tijuana, tijuana cosmetic surgery, tijuana plastic surgery","potentialAction":[{"@type":"SearchAction","target":{"@type":"EntryPoint","urlTemplate":"https:\/\/cirujanosesteticos.org\/?s={search_term_string}"},"query-input":{"@type":"PropertyValueSpecification","valueRequired":true,"valueName":"search_term_string"}}],"inLanguage":"en-US"}]}},"_links":{"self":[{"href":"https:\/\/cirujanosesteticos.org\/en\/wp-json\/wp\/v2\/pages\/1083","targetHints":{"allow":["GET"]}}],"collection":[{"href":"https:\/\/cirujanosesteticos.org\/en\/wp-json\/wp\/v2\/pages"}],"about":[{"href":"https:\/\/cirujanosesteticos.org\/en\/wp-json\/wp\/v2\/types\/page"}],"author":[{"embeddable":true,"href":"https:\/\/cirujanosesteticos.org\/en\/wp-json\/wp\/v2\/users\/1"}],"replies":[{"embeddable":true,"href":"https:\/\/cirujanosesteticos.org\/en\/wp-json\/wp\/v2\/comments?post=1083"}],"version-history":[{"count":4,"href":"https:\/\/cirujanosesteticos.org\/en\/wp-json\/wp\/v2\/pages\/1083\/revisions"}],"predecessor-version":[{"id":1155,"href":"https:\/\/cirujanosesteticos.org\/en\/wp-json\/wp\/v2\/pages\/1083\/revisions\/1155"}],"wp:attachment":[{"href":"https:\/\/cirujanosesteticos.org\/en\/wp-json\/wp\/v2\/media?parent=1083"}],"curies":[{"name":"wp","href":"https:\/\/api.w.org\/{rel}","templated":true}]}}