{"id":1064,"date":"2023-08-14T16:36:40","date_gmt":"2023-08-14T16:36:40","guid":{"rendered":"https:\/\/cirujanosesteticos.org\/?page_id=1064"},"modified":"2023-08-14T19:05:40","modified_gmt":"2023-08-14T19:05:40","slug":"que-es-el-consejo","status":"publish","type":"page","link":"https:\/\/cirujanosesteticos.org\/en\/que-es-el-consejo\/","title":{"rendered":"What is the council?"},"content":{"rendered":"<h2 style=\"text-align: justify;\">What is the council?<\/h2>\n<p style=\"text-align: justify;\">We are a certifying body for medical surgeons with postgraduate training in cosmetic surgery. We distinguish ourselves by having only doctors who have training support in the area of \u200b\u200bcosmetic surgery.<\/p>\n<p style=\"text-align: justify;\">Although there are other certifying bodies, which hold the endorsement of suitability from CONACEM, we are an autonomous, decentralized body because CONACEM DOES NOT REGULATE COSMETIC SURGERY IN MEXICO.<\/p>\n<p style=\"text-align: justify;\"><img loading=\"lazy\" decoding=\"async\" class=\"alignnone wp-image-1069\" src=\"https:\/\/cirujanosesteticos.org\/wp-content\/uploads\/2023\/08\/Previo-de-CONACEM-300x110.jpg\" alt=\"\" width=\"774\" height=\"284\" srcset=\"https:\/\/cirujanosesteticos.org\/wp-content\/uploads\/2023\/08\/Previo-de-CONACEM-300x110.jpg 300w, https:\/\/cirujanosesteticos.org\/wp-content\/uploads\/2023\/08\/Previo-de-CONACEM-600x220.jpg 600w, https:\/\/cirujanosesteticos.org\/wp-content\/uploads\/2023\/08\/Previo-de-CONACEM-768x281.jpg 768w, https:\/\/cirujanosesteticos.org\/wp-content\/uploads\/2023\/08\/Previo-de-CONACEM.jpg 984w\" sizes=\"auto, (max-width: 774px) 100vw, 774px\" \/><\/p>\n<p style=\"text-align: justify;\"><img loading=\"lazy\" decoding=\"async\" class=\"wp-image-1070 alignleft\" src=\"https:\/\/cirujanosesteticos.org\/wp-content\/uploads\/2023\/08\/pdf-icon-download-info-pdf-print-save-to-pdf-icon-30-300x277.png\" alt=\"\" width=\"50\" height=\"46\" srcset=\"https:\/\/cirujanosesteticos.org\/wp-content\/uploads\/2023\/08\/pdf-icon-download-info-pdf-print-save-to-pdf-icon-30-300x277.png 300w, https:\/\/cirujanosesteticos.org\/wp-content\/uploads\/2023\/08\/pdf-icon-download-info-pdf-print-save-to-pdf-icon-30.png 411w\" sizes=\"auto, (max-width: 50px) 100vw, 50px\" \/><br \/>\n<a href=\"https:\/\/cirujanosesteticos.org\/wp-content\/uploads\/2023\/08\/CONACEM.pdf\">Download the full PDF here.<\/a><\/p>\n<h2>How do we certify?<\/h2>\n<p style=\"text-align: justify;\">1. We assess skills<br \/>\n2. We assess knowledge<br \/>\n3. We evaluate Ethics<br \/>\n4. We certify<br \/>\n5. Groups<br \/>\n6. We train<br \/>\n7. We recertify<\/p>\n<h2 style=\"text-align: justify;\"><em>Without ethics there is no aesthetics.<\/em><\/h2>\n<p style=\"text-align: justify;\"><em>\u201cMany years of training do not justify a lack of supporting knowledge.\u201d<\/em><\/p>\n<h3 style=\"text-align: justify;\">What path does a cosmetic surgeon have to follow to become a Certified Cosmetic Surgeon?<\/h3>\n<p style=\"text-align: justify;\">\u2013 Medical degree (6 to 8 years)<\/p>\n<p style=\"text-align: justify;\">\u2013 Master's degree in cosmetic surgery (2 years) With support from subjects congruent with aesthetics<\/p>\n<p style=\"text-align: justify;\">\u2013 Surgical experience (8 to 10 years)<\/p>\n<p style=\"text-align: justify;\">\u2013 Certification (for validation of skills and abilities, certified every 5 years)<\/p>","protected":false},"excerpt":{"rendered":"<p>\u00bfQu\u00e9 es el consejo? Somos un organismo certificador de m\u00e9dicos cirujanos con posgrado en Cirug\u00eda est\u00e9tica nos distinguimos por contar s\u00f3lo con m\u00e9dicos que cuentan con respaldo formativo en el&#8230;<\/p>","protected":false},"author":1,"featured_media":0,"parent":0,"menu_order":0,"comment_status":"closed","ping_status":"closed","template":"","meta":{"footnotes":""},"class_list":["post-1064","page","type-page","status-publish"],"yoast_head":"<!-- This site is optimized with the Yoast SEO plugin v27.6 - https:\/\/yoast.com\/product\/yoast-seo-wordpress\/ -->\n<title>\u00bfQu\u00e9 es el consejo? - COMCCE, Consejo Mexicano Certificador de Cirug\u00eda Est\u00e9tica<\/title>\n<meta name=\"robots\" content=\"index, follow, max-snippet:-1, max-image-preview:large, max-video-preview:-1\" \/>\n<link rel=\"canonical\" href=\"https:\/\/cirujanosesteticos.org\/en\/que-es-el-consejo\/\" \/>\n<meta property=\"og:locale\" content=\"en_US\" \/>\n<meta property=\"og:type\" content=\"article\" \/>\n<meta property=\"og:title\" content=\"\u00bfQu\u00e9 es el consejo? - COMCCE, Consejo Mexicano Certificador de Cirug\u00eda Est\u00e9tica\" \/>\n<meta property=\"og:description\" content=\"\u00bfQu\u00e9 es el consejo? Somos un organismo certificador de m\u00e9dicos cirujanos con posgrado en Cirug\u00eda est\u00e9tica nos distinguimos por contar s\u00f3lo con m\u00e9dicos que cuentan con respaldo formativo en el...\" \/>\n<meta property=\"og:url\" content=\"https:\/\/cirujanosesteticos.org\/en\/que-es-el-consejo\/\" \/>\n<meta property=\"og:site_name\" content=\"COMCCE, Consejo Mexicano Certificador de Cirug\u00eda Est\u00e9tica\" \/>\n<meta property=\"article:modified_time\" content=\"2023-08-14T19:05:40+00:00\" \/>\n<meta property=\"og:image\" content=\"https:\/\/cirujanosesteticos.org\/wp-content\/uploads\/2023\/08\/Previo-de-CONACEM-300x110.jpg\" \/>\n<meta name=\"twitter:card\" content=\"summary_large_image\" \/>\n<meta name=\"twitter:label1\" content=\"Est. reading time\" \/>\n\t<meta name=\"twitter:data1\" content=\"1 minute\" \/>\n<script type=\"application\/ld+json\" class=\"yoast-schema-graph\">{\"@context\":\"https:\\\/\\\/schema.org\",\"@graph\":[{\"@type\":\"WebPage\",\"@id\":\"https:\\\/\\\/cirujanosesteticos.org\\\/que-es-el-consejo\\\/\",\"url\":\"https:\\\/\\\/cirujanosesteticos.org\\\/que-es-el-consejo\\\/\",\"name\":\"\u00bfQu\u00e9 es el consejo? - COMCCE, Consejo Mexicano Certificador de Cirug\u00eda Est\u00e9tica\",\"isPartOf\":{\"@id\":\"https:\\\/\\\/cirujanosesteticos.org\\\/#website\"},\"primaryImageOfPage\":{\"@id\":\"https:\\\/\\\/cirujanosesteticos.org\\\/que-es-el-consejo\\\/#primaryimage\"},\"image\":{\"@id\":\"https:\\\/\\\/cirujanosesteticos.org\\\/que-es-el-consejo\\\/#primaryimage\"},\"thumbnailUrl\":\"https:\\\/\\\/cirujanosesteticos.org\\\/wp-content\\\/uploads\\\/2023\\\/08\\\/Previo-de-CONACEM-300x110.jpg\",\"datePublished\":\"2023-08-14T16:36:40+00:00\",\"dateModified\":\"2023-08-14T19:05:40+00:00\",\"breadcrumb\":{\"@id\":\"https:\\\/\\\/cirujanosesteticos.org\\\/que-es-el-consejo\\\/#breadcrumb\"},\"inLanguage\":\"en-US\",\"potentialAction\":[{\"@type\":\"ReadAction\",\"target\":[\"https:\\\/\\\/cirujanosesteticos.org\\\/que-es-el-consejo\\\/\"]}]},{\"@type\":\"ImageObject\",\"inLanguage\":\"en-US\",\"@id\":\"https:\\\/\\\/cirujanosesteticos.org\\\/que-es-el-consejo\\\/#primaryimage\",\"url\":\"https:\\\/\\\/cirujanosesteticos.org\\\/wp-content\\\/uploads\\\/2023\\\/08\\\/Previo-de-CONACEM-300x110.jpg\",\"contentUrl\":\"https:\\\/\\\/cirujanosesteticos.org\\\/wp-content\\\/uploads\\\/2023\\\/08\\\/Previo-de-CONACEM-300x110.jpg\"},{\"@type\":\"BreadcrumbList\",\"@id\":\"https:\\\/\\\/cirujanosesteticos.org\\\/que-es-el-consejo\\\/#breadcrumb\",\"itemListElement\":[{\"@type\":\"ListItem\",\"position\":1,\"name\":\"Portada\",\"item\":\"https:\\\/\\\/cirujanosesteticos.org\\\/\"},{\"@type\":\"ListItem\",\"position\":2,\"name\":\"\u00bfQu\u00e9 es el consejo?\"}]},{\"@type\":\"WebSite\",\"@id\":\"https:\\\/\\\/cirujanosesteticos.org\\\/#website\",\"url\":\"https:\\\/\\\/cirujanosesteticos.org\\\/\",\"name\":\"COMCCE, Consejo Mexicano Certificador de Cirug\u00eda Est\u00e9tica\",\"description\":\"Cirujano estetico Tijuana, Cirugia Estetica Tijuana, tijuana cosmetic surgery, tijuana plastic surgery\",\"potentialAction\":[{\"@type\":\"SearchAction\",\"target\":{\"@type\":\"EntryPoint\",\"urlTemplate\":\"https:\\\/\\\/cirujanosesteticos.org\\\/?s={search_term_string}\"},\"query-input\":{\"@type\":\"PropertyValueSpecification\",\"valueRequired\":true,\"valueName\":\"search_term_string\"}}],\"inLanguage\":\"en-US\"}]}<\/script>\n<!-- \/ Yoast SEO plugin. -->","yoast_head_json":{"title":"\u00bfQu\u00e9 es el consejo? - COMCCE, Consejo Mexicano Certificador de Cirug\u00eda Est\u00e9tica","robots":{"index":"index","follow":"follow","max-snippet":"max-snippet:-1","max-image-preview":"max-image-preview:large","max-video-preview":"max-video-preview:-1"},"canonical":"https:\/\/cirujanosesteticos.org\/en\/que-es-el-consejo\/","og_locale":"en_US","og_type":"article","og_title":"\u00bfQu\u00e9 es el consejo? - COMCCE, Consejo Mexicano Certificador de Cirug\u00eda Est\u00e9tica","og_description":"\u00bfQu\u00e9 es el consejo? Somos un organismo certificador de m\u00e9dicos cirujanos con posgrado en Cirug\u00eda est\u00e9tica nos distinguimos por contar s\u00f3lo con m\u00e9dicos que cuentan con respaldo formativo en el...","og_url":"https:\/\/cirujanosesteticos.org\/en\/que-es-el-consejo\/","og_site_name":"COMCCE, Consejo Mexicano Certificador de Cirug\u00eda Est\u00e9tica","article_modified_time":"2023-08-14T19:05:40+00:00","og_image":[{"url":"https:\/\/cirujanosesteticos.org\/wp-content\/uploads\/2023\/08\/Previo-de-CONACEM-300x110.jpg","type":"","width":"","height":""}],"twitter_card":"summary_large_image","twitter_misc":{"Est. reading time":"1 minute"},"schema":{"@context":"https:\/\/schema.org","@graph":[{"@type":"WebPage","@id":"https:\/\/cirujanosesteticos.org\/que-es-el-consejo\/","url":"https:\/\/cirujanosesteticos.org\/que-es-el-consejo\/","name":"\u00bfQu\u00e9 es el consejo? - COMCCE, Consejo Mexicano Certificador de Cirug\u00eda Est\u00e9tica","isPartOf":{"@id":"https:\/\/cirujanosesteticos.org\/#website"},"primaryImageOfPage":{"@id":"https:\/\/cirujanosesteticos.org\/que-es-el-consejo\/#primaryimage"},"image":{"@id":"https:\/\/cirujanosesteticos.org\/que-es-el-consejo\/#primaryimage"},"thumbnailUrl":"https:\/\/cirujanosesteticos.org\/wp-content\/uploads\/2023\/08\/Previo-de-CONACEM-300x110.jpg","datePublished":"2023-08-14T16:36:40+00:00","dateModified":"2023-08-14T19:05:40+00:00","breadcrumb":{"@id":"https:\/\/cirujanosesteticos.org\/que-es-el-consejo\/#breadcrumb"},"inLanguage":"en-US","potentialAction":[{"@type":"ReadAction","target":["https:\/\/cirujanosesteticos.org\/que-es-el-consejo\/"]}]},{"@type":"ImageObject","inLanguage":"en-US","@id":"https:\/\/cirujanosesteticos.org\/que-es-el-consejo\/#primaryimage","url":"https:\/\/cirujanosesteticos.org\/wp-content\/uploads\/2023\/08\/Previo-de-CONACEM-300x110.jpg","contentUrl":"https:\/\/cirujanosesteticos.org\/wp-content\/uploads\/2023\/08\/Previo-de-CONACEM-300x110.jpg"},{"@type":"BreadcrumbList","@id":"https:\/\/cirujanosesteticos.org\/que-es-el-consejo\/#breadcrumb","itemListElement":[{"@type":"ListItem","position":1,"name":"Portada","item":"https:\/\/cirujanosesteticos.org\/"},{"@type":"ListItem","position":2,"name":"\u00bfQu\u00e9 es el consejo?"}]},{"@type":"WebSite","@id":"https:\/\/cirujanosesteticos.org\/#website","url":"https:\/\/cirujanosesteticos.org\/","name":"COMCCE, Consejo Mexicano Certificador de Cirug\u00eda Est\u00e9tica","description":"Cirujano estetico Tijuana, Cirugia Estetica Tijuana, tijuana cosmetic surgery, tijuana plastic surgery","potentialAction":[{"@type":"SearchAction","target":{"@type":"EntryPoint","urlTemplate":"https:\/\/cirujanosesteticos.org\/?s={search_term_string}"},"query-input":{"@type":"PropertyValueSpecification","valueRequired":true,"valueName":"search_term_string"}}],"inLanguage":"en-US"}]}},"_links":{"self":[{"href":"https:\/\/cirujanosesteticos.org\/en\/wp-json\/wp\/v2\/pages\/1064","targetHints":{"allow":["GET"]}}],"collection":[{"href":"https:\/\/cirujanosesteticos.org\/en\/wp-json\/wp\/v2\/pages"}],"about":[{"href":"https:\/\/cirujanosesteticos.org\/en\/wp-json\/wp\/v2\/types\/page"}],"author":[{"embeddable":true,"href":"https:\/\/cirujanosesteticos.org\/en\/wp-json\/wp\/v2\/users\/1"}],"replies":[{"embeddable":true,"href":"https:\/\/cirujanosesteticos.org\/en\/wp-json\/wp\/v2\/comments?post=1064"}],"version-history":[{"count":10,"href":"https:\/\/cirujanosesteticos.org\/en\/wp-json\/wp\/v2\/pages\/1064\/revisions"}],"predecessor-version":[{"id":1154,"href":"https:\/\/cirujanosesteticos.org\/en\/wp-json\/wp\/v2\/pages\/1064\/revisions\/1154"}],"wp:attachment":[{"href":"https:\/\/cirujanosesteticos.org\/en\/wp-json\/wp\/v2\/media?parent=1064"}],"curies":[{"name":"wp","href":"https:\/\/api.w.org\/{rel}","templated":true}]}}