{"id":1913,"date":"2024-10-08T08:52:35","date_gmt":"2024-10-08T08:52:35","guid":{"rendered":"https:\/\/cirujanosesteticos.org\/?post_type=product&#038;p=1913"},"modified":"2024-10-08T22:58:37","modified_gmt":"2024-10-08T22:58:37","slug":"torneo-de-padel","status":"publish","type":"product","link":"http:\/\/cirujanosesteticos.org\/en\/product\/torneo-de-padel\/","title":{"rendered":"Torneo de Padel"},"content":{"rendered":"","protected":false},"excerpt":{"rendered":"<p style=\"text-align: justify;\">\u00danete al Torneo de Padel, una emocionante oportunidad para competir y socializar con colegas en un ambiente divertido y relajado. Este evento est\u00e1 abierto a todos los niveles, promoviendo la camarader\u00eda y el esp\u00edritu deportivo. Al final del torneo, se premiar\u00e1n a los mejores jugadores y se celebrar\u00e1 una peque\u00f1a ceremonia de clausura. No te pierdas la ocasi\u00f3n de disfrutar del deporte y hacer nuevas conexiones en el mundo de la cirug\u00eda est\u00e9tica. \u00a1Te esperamos en la cancha!<\/p>","protected":false},"featured_media":1882,"template":"","meta":[],"product_brand":[],"product_cat":[95],"product_tag":[96],"class_list":{"0":"post-1913","1":"product","2":"type-product","3":"status-publish","4":"has-post-thumbnail","6":"product_cat-actividades","7":"product_tag-torneo-de-padel","9":"first","10":"instock","11":"shipping-taxable","12":"purchasable","13":"product-type-simple"},"yoast_head":"<!-- This site is optimized with the Yoast SEO plugin v27.4 - https:\/\/yoast.com\/product\/yoast-seo-wordpress\/ -->\n<title>Torneo de Padel - COMCCE, Consejo Mexicano Certificador de Cirug\u00eda Est\u00e9tica<\/title>\n<meta name=\"robots\" content=\"index, follow, max-snippet:-1, max-image-preview:large, max-video-preview:-1\" \/>\n<link rel=\"canonical\" href=\"https:\/\/cirujanosesteticos.org\/en\/product\/torneo-de-padel\/\" \/>\n<meta property=\"og:locale\" content=\"en_US\" \/>\n<meta property=\"og:type\" content=\"article\" \/>\n<meta property=\"og:title\" content=\"Torneo de Padel - COMCCE, Consejo Mexicano Certificador de Cirug\u00eda Est\u00e9tica\" \/>\n<meta property=\"og:description\" content=\"\u00danete al Torneo de Padel, una emocionante oportunidad para competir y socializar con colegas en un ambiente divertido y relajado. Este evento est\u00e1 abierto a todos los niveles, promoviendo la camarader\u00eda y el esp\u00edritu deportivo. Al final del torneo, se premiar\u00e1n a los mejores jugadores y se celebrar\u00e1 una peque\u00f1a ceremonia de clausura. No te pierdas la ocasi\u00f3n de disfrutar del deporte y hacer nuevas conexiones en el mundo de la cirug\u00eda est\u00e9tica. \u00a1Te esperamos en la cancha!\" \/>\n<meta property=\"og:url\" content=\"https:\/\/cirujanosesteticos.org\/en\/product\/torneo-de-padel\/\" \/>\n<meta property=\"og:site_name\" content=\"COMCCE, Consejo Mexicano Certificador de Cirug\u00eda Est\u00e9tica\" \/>\n<meta property=\"article:modified_time\" content=\"2024-10-08T22:58:37+00:00\" \/>\n<meta property=\"og:image\" content=\"http:\/\/cirujanosesteticos.org\/wp-content\/uploads\/2024\/10\/a3.jpg\" \/>\n\t<meta property=\"og:image:width\" content=\"500\" \/>\n\t<meta property=\"og:image:height\" content=\"500\" \/>\n\t<meta property=\"og:image:type\" content=\"image\/jpeg\" \/>\n<meta name=\"twitter:card\" content=\"summary_large_image\" \/>\n<meta name=\"twitter:label1\" content=\"Est. reading time\" \/>\n\t<meta name=\"twitter:data1\" content=\"1 minute\" \/>\n<script type=\"application\/ld+json\" class=\"yoast-schema-graph\">{\"@context\":\"https:\\\/\\\/schema.org\",\"@graph\":[{\"@type\":\"WebPage\",\"@id\":\"https:\\\/\\\/cirujanosesteticos.org\\\/producto\\\/torneo-de-padel\\\/\",\"url\":\"https:\\\/\\\/cirujanosesteticos.org\\\/producto\\\/torneo-de-padel\\\/\",\"name\":\"Torneo de Padel - COMCCE, Consejo Mexicano Certificador de Cirug\u00eda Est\u00e9tica\",\"isPartOf\":{\"@id\":\"https:\\\/\\\/cirujanosesteticos.org\\\/#website\"},\"primaryImageOfPage\":{\"@id\":\"https:\\\/\\\/cirujanosesteticos.org\\\/producto\\\/torneo-de-padel\\\/#primaryimage\"},\"image\":{\"@id\":\"https:\\\/\\\/cirujanosesteticos.org\\\/producto\\\/torneo-de-padel\\\/#primaryimage\"},\"thumbnailUrl\":\"http:\\\/\\\/cirujanosesteticos.org\\\/wp-content\\\/uploads\\\/2024\\\/10\\\/a3.jpg\",\"datePublished\":\"2024-10-08T08:52:35+00:00\",\"dateModified\":\"2024-10-08T22:58:37+00:00\",\"breadcrumb\":{\"@id\":\"https:\\\/\\\/cirujanosesteticos.org\\\/producto\\\/torneo-de-padel\\\/#breadcrumb\"},\"inLanguage\":\"en-US\",\"potentialAction\":[{\"@type\":\"ReadAction\",\"target\":[\"https:\\\/\\\/cirujanosesteticos.org\\\/producto\\\/torneo-de-padel\\\/\"]}]},{\"@type\":\"ImageObject\",\"inLanguage\":\"en-US\",\"@id\":\"https:\\\/\\\/cirujanosesteticos.org\\\/producto\\\/torneo-de-padel\\\/#primaryimage\",\"url\":\"http:\\\/\\\/cirujanosesteticos.org\\\/wp-content\\\/uploads\\\/2024\\\/10\\\/a3.jpg\",\"contentUrl\":\"http:\\\/\\\/cirujanosesteticos.org\\\/wp-content\\\/uploads\\\/2024\\\/10\\\/a3.jpg\",\"width\":500,\"height\":500},{\"@type\":\"BreadcrumbList\",\"@id\":\"https:\\\/\\\/cirujanosesteticos.org\\\/producto\\\/torneo-de-padel\\\/#breadcrumb\",\"itemListElement\":[{\"@type\":\"ListItem\",\"position\":1,\"name\":\"Portada\",\"item\":\"https:\\\/\\\/cirujanosesteticos.org\\\/\"},{\"@type\":\"ListItem\",\"position\":2,\"name\":\"Tienda\",\"item\":\"https:\\\/\\\/cirujanosesteticos.org\\\/tienda\\\/\"},{\"@type\":\"ListItem\",\"position\":3,\"name\":\"Torneo de Padel\"}]},{\"@type\":\"WebSite\",\"@id\":\"https:\\\/\\\/cirujanosesteticos.org\\\/#website\",\"url\":\"https:\\\/\\\/cirujanosesteticos.org\\\/\",\"name\":\"COMCCE, Consejo Mexicano Certificador de Cirug\u00eda Est\u00e9tica\",\"description\":\"Cirujano estetico Tijuana, Cirugia Estetica Tijuana, tijuana cosmetic surgery, tijuana plastic surgery\",\"potentialAction\":[{\"@type\":\"SearchAction\",\"target\":{\"@type\":\"EntryPoint\",\"urlTemplate\":\"https:\\\/\\\/cirujanosesteticos.org\\\/?s={search_term_string}\"},\"query-input\":{\"@type\":\"PropertyValueSpecification\",\"valueRequired\":true,\"valueName\":\"search_term_string\"}}],\"inLanguage\":\"en-US\"}]}<\/script>\n<!-- \/ Yoast SEO plugin. -->","yoast_head_json":{"title":"Torneo de Padel - COMCCE, Consejo Mexicano Certificador de Cirug\u00eda Est\u00e9tica","robots":{"index":"index","follow":"follow","max-snippet":"max-snippet:-1","max-image-preview":"max-image-preview:large","max-video-preview":"max-video-preview:-1"},"canonical":"https:\/\/cirujanosesteticos.org\/en\/product\/torneo-de-padel\/","og_locale":"en_US","og_type":"article","og_title":"Torneo de Padel - COMCCE, Consejo Mexicano Certificador de Cirug\u00eda Est\u00e9tica","og_description":"\u00danete al Torneo de Padel, una emocionante oportunidad para competir y socializar con colegas en un ambiente divertido y relajado. Este evento est\u00e1 abierto a todos los niveles, promoviendo la camarader\u00eda y el esp\u00edritu deportivo. Al final del torneo, se premiar\u00e1n a los mejores jugadores y se celebrar\u00e1 una peque\u00f1a ceremonia de clausura. No te pierdas la ocasi\u00f3n de disfrutar del deporte y hacer nuevas conexiones en el mundo de la cirug\u00eda est\u00e9tica. \u00a1Te esperamos en la cancha!","og_url":"https:\/\/cirujanosesteticos.org\/en\/product\/torneo-de-padel\/","og_site_name":"COMCCE, Consejo Mexicano Certificador de Cirug\u00eda Est\u00e9tica","article_modified_time":"2024-10-08T22:58:37+00:00","og_image":[{"width":500,"height":500,"url":"http:\/\/cirujanosesteticos.org\/wp-content\/uploads\/2024\/10\/a3.jpg","type":"image\/jpeg"}],"twitter_card":"summary_large_image","twitter_misc":{"Est. reading time":"1 minute"},"schema":{"@context":"https:\/\/schema.org","@graph":[{"@type":"WebPage","@id":"https:\/\/cirujanosesteticos.org\/producto\/torneo-de-padel\/","url":"https:\/\/cirujanosesteticos.org\/producto\/torneo-de-padel\/","name":"Torneo de Padel - COMCCE, Consejo Mexicano Certificador de Cirug\u00eda Est\u00e9tica","isPartOf":{"@id":"https:\/\/cirujanosesteticos.org\/#website"},"primaryImageOfPage":{"@id":"https:\/\/cirujanosesteticos.org\/producto\/torneo-de-padel\/#primaryimage"},"image":{"@id":"https:\/\/cirujanosesteticos.org\/producto\/torneo-de-padel\/#primaryimage"},"thumbnailUrl":"http:\/\/cirujanosesteticos.org\/wp-content\/uploads\/2024\/10\/a3.jpg","datePublished":"2024-10-08T08:52:35+00:00","dateModified":"2024-10-08T22:58:37+00:00","breadcrumb":{"@id":"https:\/\/cirujanosesteticos.org\/producto\/torneo-de-padel\/#breadcrumb"},"inLanguage":"en-US","potentialAction":[{"@type":"ReadAction","target":["https:\/\/cirujanosesteticos.org\/producto\/torneo-de-padel\/"]}]},{"@type":"ImageObject","inLanguage":"en-US","@id":"https:\/\/cirujanosesteticos.org\/producto\/torneo-de-padel\/#primaryimage","url":"http:\/\/cirujanosesteticos.org\/wp-content\/uploads\/2024\/10\/a3.jpg","contentUrl":"http:\/\/cirujanosesteticos.org\/wp-content\/uploads\/2024\/10\/a3.jpg","width":500,"height":500},{"@type":"BreadcrumbList","@id":"https:\/\/cirujanosesteticos.org\/producto\/torneo-de-padel\/#breadcrumb","itemListElement":[{"@type":"ListItem","position":1,"name":"Portada","item":"https:\/\/cirujanosesteticos.org\/"},{"@type":"ListItem","position":2,"name":"Tienda","item":"https:\/\/cirujanosesteticos.org\/tienda\/"},{"@type":"ListItem","position":3,"name":"Torneo de Padel"}]},{"@type":"WebSite","@id":"https:\/\/cirujanosesteticos.org\/#website","url":"https:\/\/cirujanosesteticos.org\/","name":"COMCCE, Consejo Mexicano Certificador de Cirug\u00eda Est\u00e9tica","description":"Cirujano estetico Tijuana, Cirugia Estetica Tijuana, tijuana cosmetic surgery, tijuana plastic surgery","potentialAction":[{"@type":"SearchAction","target":{"@type":"EntryPoint","urlTemplate":"https:\/\/cirujanosesteticos.org\/?s={search_term_string}"},"query-input":{"@type":"PropertyValueSpecification","valueRequired":true,"valueName":"search_term_string"}}],"inLanguage":"en-US"}]}},"_links":{"self":[{"href":"http:\/\/cirujanosesteticos.org\/en\/wp-json\/wp\/v2\/product\/1913","targetHints":{"allow":["GET"]}}],"collection":[{"href":"http:\/\/cirujanosesteticos.org\/en\/wp-json\/wp\/v2\/product"}],"about":[{"href":"http:\/\/cirujanosesteticos.org\/en\/wp-json\/wp\/v2\/types\/product"}],"wp:featuredmedia":[{"embeddable":true,"href":"http:\/\/cirujanosesteticos.org\/en\/wp-json\/wp\/v2\/media\/1882"}],"wp:attachment":[{"href":"http:\/\/cirujanosesteticos.org\/en\/wp-json\/wp\/v2\/media?parent=1913"}],"wp:term":[{"taxonomy":"product_brand","embeddable":true,"href":"http:\/\/cirujanosesteticos.org\/en\/wp-json\/wp\/v2\/product_brand?post=1913"},{"taxonomy":"product_cat","embeddable":true,"href":"http:\/\/cirujanosesteticos.org\/en\/wp-json\/wp\/v2\/product_cat?post=1913"},{"taxonomy":"product_tag","embeddable":true,"href":"http:\/\/cirujanosesteticos.org\/en\/wp-json\/wp\/v2\/product_tag?post=1913"}],"curies":[{"name":"wp","href":"https:\/\/api.w.org\/{rel}","templated":true}]}}