{"id":1906,"date":"2024-10-08T08:45:12","date_gmt":"2024-10-08T08:45:12","guid":{"rendered":"https:\/\/cirujanosesteticos.org\/?post_type=product&#038;p=1906"},"modified":"2025-03-24T18:31:08","modified_gmt":"2025-03-24T18:31:08","slug":"medicina-estetica","status":"publish","type":"product","link":"http:\/\/cirujanosesteticos.org\/en\/product\/medicina-estetica\/","title":{"rendered":"Medicina Est\u00e9tica"},"content":{"rendered":"","protected":false},"excerpt":{"rendered":"<p><strong>DIRIGIDO A MEDICOS QUE SE ENCUENTREN PRACTICANDO MEDICINA EST\u00c9TICA NO QUIR\u00daRGICA.<\/strong><\/p>\n<p>El costo de este boletaje va ir aumentando de acuerdo a la fecha. Aprovecha el promoci\u00f3n especial de preventa.<\/p>","protected":false},"featured_media":1880,"template":"","meta":[],"product_brand":[],"product_cat":[92],"product_tag":[93],"class_list":{"0":"post-1906","1":"product","2":"type-product","3":"status-publish","4":"has-post-thumbnail","6":"product_cat-congreso","7":"product_tag-medicina-estetica","9":"first","10":"instock","11":"shipping-taxable","12":"purchasable","13":"product-type-simple"},"yoast_head":"<!-- This site is optimized with the Yoast SEO plugin v27.4 - https:\/\/yoast.com\/product\/yoast-seo-wordpress\/ -->\n<title>Medicina Est\u00e9tica - COMCCE, Consejo Mexicano Certificador de Cirug\u00eda Est\u00e9tica<\/title>\n<meta name=\"robots\" content=\"index, follow, max-snippet:-1, max-image-preview:large, max-video-preview:-1\" \/>\n<link rel=\"canonical\" href=\"https:\/\/cirujanosesteticos.org\/en\/product\/medicina-estetica\/\" \/>\n<meta property=\"og:locale\" content=\"en_US\" \/>\n<meta property=\"og:type\" content=\"article\" \/>\n<meta property=\"og:title\" content=\"Medicina Est\u00e9tica - COMCCE, Consejo Mexicano Certificador de Cirug\u00eda Est\u00e9tica\" \/>\n<meta property=\"og:description\" content=\"DIRIGIDO A MEDICOS QUE SE ENCUENTREN PRACTICANDO MEDICINA EST\u00c9TICA NO QUIR\u00daRGICA.  El costo de este boletaje va ir aumentando de acuerdo a la fecha. Aprovecha el promoci\u00f3n especial de preventa.\" \/>\n<meta property=\"og:url\" content=\"https:\/\/cirujanosesteticos.org\/en\/product\/medicina-estetica\/\" \/>\n<meta property=\"og:site_name\" content=\"COMCCE, Consejo Mexicano Certificador de Cirug\u00eda Est\u00e9tica\" \/>\n<meta property=\"article:modified_time\" content=\"2025-03-24T18:31:08+00:00\" \/>\n<meta property=\"og:image\" content=\"http:\/\/cirujanosesteticos.org\/wp-content\/uploads\/2024\/10\/a1.jpg\" \/>\n\t<meta property=\"og:image:width\" content=\"500\" \/>\n\t<meta property=\"og:image:height\" content=\"500\" \/>\n\t<meta property=\"og:image:type\" content=\"image\/jpeg\" \/>\n<meta name=\"twitter:card\" content=\"summary_large_image\" \/>\n<meta name=\"twitter:label1\" content=\"Est. reading time\" \/>\n\t<meta name=\"twitter:data1\" content=\"1 minute\" \/>\n<script type=\"application\/ld+json\" class=\"yoast-schema-graph\">{\"@context\":\"https:\\\/\\\/schema.org\",\"@graph\":[{\"@type\":\"WebPage\",\"@id\":\"https:\\\/\\\/cirujanosesteticos.org\\\/producto\\\/medicina-estetica\\\/\",\"url\":\"https:\\\/\\\/cirujanosesteticos.org\\\/producto\\\/medicina-estetica\\\/\",\"name\":\"Medicina Est\u00e9tica - COMCCE, Consejo Mexicano Certificador de Cirug\u00eda Est\u00e9tica\",\"isPartOf\":{\"@id\":\"https:\\\/\\\/cirujanosesteticos.org\\\/#website\"},\"primaryImageOfPage\":{\"@id\":\"https:\\\/\\\/cirujanosesteticos.org\\\/producto\\\/medicina-estetica\\\/#primaryimage\"},\"image\":{\"@id\":\"https:\\\/\\\/cirujanosesteticos.org\\\/producto\\\/medicina-estetica\\\/#primaryimage\"},\"thumbnailUrl\":\"http:\\\/\\\/cirujanosesteticos.org\\\/wp-content\\\/uploads\\\/2024\\\/10\\\/a1.jpg\",\"datePublished\":\"2024-10-08T08:45:12+00:00\",\"dateModified\":\"2025-03-24T18:31:08+00:00\",\"breadcrumb\":{\"@id\":\"https:\\\/\\\/cirujanosesteticos.org\\\/producto\\\/medicina-estetica\\\/#breadcrumb\"},\"inLanguage\":\"en-US\",\"potentialAction\":[{\"@type\":\"ReadAction\",\"target\":[\"https:\\\/\\\/cirujanosesteticos.org\\\/producto\\\/medicina-estetica\\\/\"]}]},{\"@type\":\"ImageObject\",\"inLanguage\":\"en-US\",\"@id\":\"https:\\\/\\\/cirujanosesteticos.org\\\/producto\\\/medicina-estetica\\\/#primaryimage\",\"url\":\"http:\\\/\\\/cirujanosesteticos.org\\\/wp-content\\\/uploads\\\/2024\\\/10\\\/a1.jpg\",\"contentUrl\":\"http:\\\/\\\/cirujanosesteticos.org\\\/wp-content\\\/uploads\\\/2024\\\/10\\\/a1.jpg\",\"width\":500,\"height\":500},{\"@type\":\"BreadcrumbList\",\"@id\":\"https:\\\/\\\/cirujanosesteticos.org\\\/producto\\\/medicina-estetica\\\/#breadcrumb\",\"itemListElement\":[{\"@type\":\"ListItem\",\"position\":1,\"name\":\"Portada\",\"item\":\"https:\\\/\\\/cirujanosesteticos.org\\\/\"},{\"@type\":\"ListItem\",\"position\":2,\"name\":\"Tienda\",\"item\":\"https:\\\/\\\/cirujanosesteticos.org\\\/tienda\\\/\"},{\"@type\":\"ListItem\",\"position\":3,\"name\":\"Medicina Est\u00e9tica\"}]},{\"@type\":\"WebSite\",\"@id\":\"https:\\\/\\\/cirujanosesteticos.org\\\/#website\",\"url\":\"https:\\\/\\\/cirujanosesteticos.org\\\/\",\"name\":\"COMCCE, Consejo Mexicano Certificador de Cirug\u00eda Est\u00e9tica\",\"description\":\"Cirujano estetico Tijuana, Cirugia Estetica Tijuana, tijuana cosmetic surgery, tijuana plastic surgery\",\"potentialAction\":[{\"@type\":\"SearchAction\",\"target\":{\"@type\":\"EntryPoint\",\"urlTemplate\":\"https:\\\/\\\/cirujanosesteticos.org\\\/?s={search_term_string}\"},\"query-input\":{\"@type\":\"PropertyValueSpecification\",\"valueRequired\":true,\"valueName\":\"search_term_string\"}}],\"inLanguage\":\"en-US\"}]}<\/script>\n<!-- \/ Yoast SEO plugin. -->","yoast_head_json":{"title":"Medicina Est\u00e9tica - COMCCE, Consejo Mexicano Certificador de Cirug\u00eda Est\u00e9tica","robots":{"index":"index","follow":"follow","max-snippet":"max-snippet:-1","max-image-preview":"max-image-preview:large","max-video-preview":"max-video-preview:-1"},"canonical":"https:\/\/cirujanosesteticos.org\/en\/product\/medicina-estetica\/","og_locale":"en_US","og_type":"article","og_title":"Medicina Est\u00e9tica - COMCCE, Consejo Mexicano Certificador de Cirug\u00eda Est\u00e9tica","og_description":"DIRIGIDO A MEDICOS QUE SE ENCUENTREN PRACTICANDO MEDICINA EST\u00c9TICA NO QUIR\u00daRGICA.  El costo de este boletaje va ir aumentando de acuerdo a la fecha. Aprovecha el promoci\u00f3n especial de preventa.","og_url":"https:\/\/cirujanosesteticos.org\/en\/product\/medicina-estetica\/","og_site_name":"COMCCE, Consejo Mexicano Certificador de Cirug\u00eda Est\u00e9tica","article_modified_time":"2025-03-24T18:31:08+00:00","og_image":[{"width":500,"height":500,"url":"http:\/\/cirujanosesteticos.org\/wp-content\/uploads\/2024\/10\/a1.jpg","type":"image\/jpeg"}],"twitter_card":"summary_large_image","twitter_misc":{"Est. reading time":"1 minute"},"schema":{"@context":"https:\/\/schema.org","@graph":[{"@type":"WebPage","@id":"https:\/\/cirujanosesteticos.org\/producto\/medicina-estetica\/","url":"https:\/\/cirujanosesteticos.org\/producto\/medicina-estetica\/","name":"Medicina Est\u00e9tica - COMCCE, Consejo Mexicano Certificador de Cirug\u00eda Est\u00e9tica","isPartOf":{"@id":"https:\/\/cirujanosesteticos.org\/#website"},"primaryImageOfPage":{"@id":"https:\/\/cirujanosesteticos.org\/producto\/medicina-estetica\/#primaryimage"},"image":{"@id":"https:\/\/cirujanosesteticos.org\/producto\/medicina-estetica\/#primaryimage"},"thumbnailUrl":"http:\/\/cirujanosesteticos.org\/wp-content\/uploads\/2024\/10\/a1.jpg","datePublished":"2024-10-08T08:45:12+00:00","dateModified":"2025-03-24T18:31:08+00:00","breadcrumb":{"@id":"https:\/\/cirujanosesteticos.org\/producto\/medicina-estetica\/#breadcrumb"},"inLanguage":"en-US","potentialAction":[{"@type":"ReadAction","target":["https:\/\/cirujanosesteticos.org\/producto\/medicina-estetica\/"]}]},{"@type":"ImageObject","inLanguage":"en-US","@id":"https:\/\/cirujanosesteticos.org\/producto\/medicina-estetica\/#primaryimage","url":"http:\/\/cirujanosesteticos.org\/wp-content\/uploads\/2024\/10\/a1.jpg","contentUrl":"http:\/\/cirujanosesteticos.org\/wp-content\/uploads\/2024\/10\/a1.jpg","width":500,"height":500},{"@type":"BreadcrumbList","@id":"https:\/\/cirujanosesteticos.org\/producto\/medicina-estetica\/#breadcrumb","itemListElement":[{"@type":"ListItem","position":1,"name":"Portada","item":"https:\/\/cirujanosesteticos.org\/"},{"@type":"ListItem","position":2,"name":"Tienda","item":"https:\/\/cirujanosesteticos.org\/tienda\/"},{"@type":"ListItem","position":3,"name":"Medicina Est\u00e9tica"}]},{"@type":"WebSite","@id":"https:\/\/cirujanosesteticos.org\/#website","url":"https:\/\/cirujanosesteticos.org\/","name":"COMCCE, Consejo Mexicano Certificador de Cirug\u00eda Est\u00e9tica","description":"Cirujano estetico Tijuana, Cirugia Estetica Tijuana, tijuana cosmetic surgery, tijuana plastic surgery","potentialAction":[{"@type":"SearchAction","target":{"@type":"EntryPoint","urlTemplate":"https:\/\/cirujanosesteticos.org\/?s={search_term_string}"},"query-input":{"@type":"PropertyValueSpecification","valueRequired":true,"valueName":"search_term_string"}}],"inLanguage":"en-US"}]}},"_links":{"self":[{"href":"http:\/\/cirujanosesteticos.org\/en\/wp-json\/wp\/v2\/product\/1906","targetHints":{"allow":["GET"]}}],"collection":[{"href":"http:\/\/cirujanosesteticos.org\/en\/wp-json\/wp\/v2\/product"}],"about":[{"href":"http:\/\/cirujanosesteticos.org\/en\/wp-json\/wp\/v2\/types\/product"}],"wp:featuredmedia":[{"embeddable":true,"href":"http:\/\/cirujanosesteticos.org\/en\/wp-json\/wp\/v2\/media\/1880"}],"wp:attachment":[{"href":"http:\/\/cirujanosesteticos.org\/en\/wp-json\/wp\/v2\/media?parent=1906"}],"wp:term":[{"taxonomy":"product_brand","embeddable":true,"href":"http:\/\/cirujanosesteticos.org\/en\/wp-json\/wp\/v2\/product_brand?post=1906"},{"taxonomy":"product_cat","embeddable":true,"href":"http:\/\/cirujanosesteticos.org\/en\/wp-json\/wp\/v2\/product_cat?post=1906"},{"taxonomy":"product_tag","embeddable":true,"href":"http:\/\/cirujanosesteticos.org\/en\/wp-json\/wp\/v2\/product_tag?post=1906"}],"curies":[{"name":"wp","href":"https:\/\/api.w.org\/{rel}","templated":true}]}}